{"id":9301,"date":"2023-08-21T14:37:06","date_gmt":"2023-08-21T12:37:06","guid":{"rendered":"https:\/\/thehighclassbcn.com\/?page_id=9301"},"modified":"2024-06-25T20:34:50","modified_gmt":"2024-06-25T18:34:50","slug":"giovedi-degustazione-2","status":"publish","type":"page","link":"https:\/\/thehighclassbcn.com\/it\/giovedi-degustazione-2\/","title":{"rendered":"VENERDI' DEGUSTAZIONE"},"content":{"rendered":"\t\t<div data-elementor-type=\"wp-page\" data-elementor-id=\"9301\" class=\"elementor elementor-9301\" data-elementor-settings=\"{&quot;element_pack_global_tooltip_width&quot;:{&quot;unit&quot;:&quot;px&quot;,&quot;size&quot;:&quot;&quot;,&quot;sizes&quot;:[]},&quot;element_pack_global_tooltip_width_tablet&quot;:{&quot;unit&quot;:&quot;px&quot;,&quot;size&quot;:&quot;&quot;,&quot;sizes&quot;:[]},&quot;element_pack_global_tooltip_width_mobile&quot;:{&quot;unit&quot;:&quot;px&quot;,&quot;size&quot;:&quot;&quot;,&quot;sizes&quot;:[]},&quot;element_pack_global_tooltip_padding&quot;:{&quot;unit&quot;:&quot;px&quot;,&quot;top&quot;:&quot;&quot;,&quot;right&quot;:&quot;&quot;,&quot;bottom&quot;:&quot;&quot;,&quot;left&quot;:&quot;&quot;,&quot;isLinked&quot;:true},&quot;element_pack_global_tooltip_padding_tablet&quot;:{&quot;unit&quot;:&quot;px&quot;,&quot;top&quot;:&quot;&quot;,&quot;right&quot;:&quot;&quot;,&quot;bottom&quot;:&quot;&quot;,&quot;left&quot;:&quot;&quot;,&quot;isLinked&quot;:true},&quot;element_pack_global_tooltip_padding_mobile&quot;:{&quot;unit&quot;:&quot;px&quot;,&quot;top&quot;:&quot;&quot;,&quot;right&quot;:&quot;&quot;,&quot;bottom&quot;:&quot;&quot;,&quot;left&quot;:&quot;&quot;,&quot;isLinked&quot;:true},&quot;element_pack_global_tooltip_border_radius&quot;:{&quot;unit&quot;:&quot;px&quot;,&quot;top&quot;:&quot;&quot;,&quot;right&quot;:&quot;&quot;,&quot;bottom&quot;:&quot;&quot;,&quot;left&quot;:&quot;&quot;,&quot;isLinked&quot;:true},&quot;element_pack_global_tooltip_border_radius_tablet&quot;:{&quot;unit&quot;:&quot;px&quot;,&quot;top&quot;:&quot;&quot;,&quot;right&quot;:&quot;&quot;,&quot;bottom&quot;:&quot;&quot;,&quot;left&quot;:&quot;&quot;,&quot;isLinked&quot;:true},&quot;element_pack_global_tooltip_border_radius_mobile&quot;:{&quot;unit&quot;:&quot;px&quot;,&quot;top&quot;:&quot;&quot;,&quot;right&quot;:&quot;&quot;,&quot;bottom&quot;:&quot;&quot;,&quot;left&quot;:&quot;&quot;,&quot;isLinked&quot;:true}}\" data-elementor-post-type=\"page\">\n\t\t\t\t\t\t<section class=\"elementor-section elementor-top-section elementor-element elementor-element-600b6bca elementor-section-height-min-height elementor-section-content-middle elementor-section-items-stretch elementor-section-boxed elementor-section-height-default\" data-id=\"600b6bca\" data-element_type=\"section\" data-e-type=\"section\" data-settings=\"{&quot;background_background&quot;:&quot;gradient&quot;}\">\n\t\t\t\t\t\t<div class=\"elementor-container elementor-column-gap-default\">\n\t\t\t\t\t<div class=\"elementor-column elementor-col-50 elementor-top-column elementor-element elementor-element-6c73ab2f\" data-id=\"6c73ab2f\" data-element_type=\"column\" data-e-type=\"column\">\n\t\t\t<div class=\"elementor-widget-wrap elementor-element-populated\">\n\t\t\t\t\t\t<div class=\"elementor-element elementor-element-5998282f elementor-widget elementor-widget-heading\" data-id=\"5998282f\" data-element_type=\"widget\" data-e-type=\"widget\" data-widget_type=\"heading.default\">\n\t\t\t\t<div class=\"elementor-widget-container\">\n\t\t\t\t\t<h1 class=\"elementor-heading-title elementor-size-default\">VIERNES DE CATA<\/h1>\t\t\t\t<\/div>\n\t\t\t\t<\/div>\n\t\t\t\t<div class=\"elementor-element elementor-element-2c261e1a elementor-icon-list--layout-inline elementor-list-item-link-full_width elementor-widget elementor-widget-icon-list\" data-id=\"2c261e1a\" data-element_type=\"widget\" data-e-type=\"widget\" data-widget_type=\"icon-list.default\">\n\t\t\t\t<div class=\"elementor-widget-container\">\n\t\t\t\t\t\t\t<ul class=\"elementor-icon-list-items elementor-inline-items\">\n\t\t\t\t\t\t\t<li class=\"elementor-icon-list-item elementor-inline-item\">\n\t\t\t\t\t\t\t\t\t\t\t<span class=\"elementor-icon-list-icon\">\n\t\t\t\t\t\t\t<i aria-hidden=\"true\" class=\"fas fa-joint\"><\/i>\t\t\t\t\t\t<\/span>\n\t\t\t\t\t\t\t\t\t\t<span class=\"elementor-icon-list-text\"><\/span>\n\t\t\t\t\t\t\t\t\t<\/li>\n\t\t\t\t\t\t\t\t<li class=\"elementor-icon-list-item elementor-inline-item\">\n\t\t\t\t\t\t\t\t\t\t\t<span class=\"elementor-icon-list-icon\">\n\t\t\t\t\t\t\t<i aria-hidden=\"true\" class=\"fas fa-bread-slice\"><\/i>\t\t\t\t\t\t<\/span>\n\t\t\t\t\t\t\t\t\t\t<span class=\"elementor-icon-list-text\"><\/span>\n\t\t\t\t\t\t\t\t\t<\/li>\n\t\t\t\t\t\t\t\t<li class=\"elementor-icon-list-item elementor-inline-item\">\n\t\t\t\t\t\t\t\t\t\t\t<span class=\"elementor-icon-list-icon\">\n\t\t\t\t\t\t\t<i aria-hidden=\"true\" class=\"fas fa-coffee\"><\/i>\t\t\t\t\t\t<\/span>\n\t\t\t\t\t\t\t\t\t\t<span class=\"elementor-icon-list-text\"><\/span>\n\t\t\t\t\t\t\t\t\t<\/li>\n\t\t\t\t\t\t<\/ul>\n\t\t\t\t\t\t<\/div>\n\t\t\t\t<\/div>\n\t\t\t\t<div class=\"elementor-element elementor-element-2ac5efaa elementor-widget-divider--view-line elementor-widget elementor-widget-divider\" data-id=\"2ac5efaa\" data-element_type=\"widget\" data-e-type=\"widget\" data-widget_type=\"divider.default\">\n\t\t\t\t<div class=\"elementor-widget-container\">\n\t\t\t\t\t\t\t<div class=\"elementor-divider\">\n\t\t\t<span class=\"elementor-divider-separator\">\n\t\t\t\t\t\t<\/span>\n\t\t<\/div>\n\t\t\t\t\t\t<\/div>\n\t\t\t\t<\/div>\n\t\t\t\t<div class=\"elementor-element elementor-element-282eb198 elementor-widget elementor-widget-text-editor\" data-id=\"282eb198\" data-element_type=\"widget\" data-e-type=\"widget\" data-widget_type=\"text-editor.default\">\n\t\t\t\t<div class=\"elementor-widget-container\">\n\t\t\t\t\t\t\t\t\t<p>Te invitamos a un evento \u00fanico en nuestro club de cannabis, donde podr\u00e1s sumergirte en una experiencia sensorial y educativa en nuestro Viernes de Cata Cann\u00e1bica. \u00danete a nosotros para explorar una variedad de cepas y concentrados, y descubre los matices de aromas, sabores y efectos que ofrecen.<\/p>\t\t\t\t\t\t\t\t<\/div>\n\t\t\t\t<\/div>\n\t\t\t\t<div class=\"elementor-element elementor-element-f91b385 elementor-widget elementor-widget-heading\" data-id=\"f91b385\" data-element_type=\"widget\" data-e-type=\"widget\" data-widget_type=\"heading.default\">\n\t\t\t\t<div class=\"elementor-widget-container\">\n\t\t\t\t\t<h4 class=\"elementor-heading-title elementor-size-default\">T\u00c9RMINOS SOBRE EL EVENTO<\/h3>\t\t\t\t<\/div>\n\t\t\t\t<\/div>\n\t\t\t\t<div class=\"elementor-element elementor-element-6639ba46 elementor-widget elementor-widget-text-editor\" data-id=\"6639ba46\" data-element_type=\"widget\" data-e-type=\"widget\" data-widget_type=\"text-editor.default\">\n\t\t\t\t<div class=\"elementor-widget-container\">\n\t\t\t\t\t\t\t\t\t<ul>\n <li>Fomentamos el consumo responsable y recordamos a todos los asistentes consumir cannabis con moderaci\u00f3n.<\/li>\n <li>Este evento est\u00e1 destinado \u00fanicamente a fines educativos y recreativos.<\/li>\n <li>Traiga una identificaci\u00f3n v\u00e1lida para verificar su edad e identidad.<\/li>\n<\/ul>\t\t\t\t\t\t\t\t<\/div>\n\t\t\t\t<\/div>\n\t\t\t\t\t<\/div>\n\t\t<\/div>\n\t\t\t\t<div class=\"elementor-column elementor-col-50 elementor-top-column elementor-element elementor-element-5b927385\" data-id=\"5b927385\" data-element_type=\"column\" data-e-type=\"column\" data-settings=\"{&quot;background_background&quot;:&quot;classic&quot;}\">\n\t\t\t<div class=\"elementor-widget-wrap elementor-element-populated\">\n\t\t\t\t\t\t<div class=\"elementor-element elementor-element-66999f15 elementor-widget elementor-widget-spacer\" data-id=\"66999f15\" data-element_type=\"widget\" data-e-type=\"widget\" data-widget_type=\"spacer.default\">\n\t\t\t\t<div class=\"elementor-widget-container\">\n\t\t\t\t\t\t\t<div class=\"elementor-spacer\">\n\t\t\t<div class=\"elementor-spacer-inner\"><\/div>\n\t\t<\/div>\n\t\t\t\t\t\t<\/div>\n\t\t\t\t<\/div>\n\t\t\t\t<div class=\"elementor-element elementor-element-4dd1e327 elementor-widget__width-auto elementor-absolute elementor-widget elementor-widget-image\" data-id=\"4dd1e327\" data-element_type=\"widget\" data-e-type=\"widget\" data-settings=\"{&quot;_position&quot;:&quot;absolute&quot;,&quot;motion_fx_motion_fx_scrolling&quot;:&quot;yes&quot;,&quot;motion_fx_translateY_effect&quot;:&quot;yes&quot;,&quot;motion_fx_translateY_affectedRange&quot;:{&quot;unit&quot;:&quot;%&quot;,&quot;size&quot;:&quot;&quot;,&quot;sizes&quot;:{&quot;start&quot;:&quot;53&quot;,&quot;end&quot;:&quot;83&quot;}},&quot;motion_fx_translateY_speed&quot;:{&quot;unit&quot;:&quot;px&quot;,&quot;size&quot;:4,&quot;sizes&quot;:[]},&quot;motion_fx_devices&quot;:[&quot;desktop&quot;,&quot;tablet&quot;,&quot;mobile&quot;]}\" data-widget_type=\"image.default\">\n\t\t\t\t<div class=\"elementor-widget-container\">\n\t\t\t\t\t\t\t\t\t\t\t\t\t\t\t<img fetchpriority=\"high\" decoding=\"async\" width=\"320\" height=\"696\" src=\"https:\/\/thehighclassbcn.com\/wp-content\/uploads\/2023\/08\/HomePage-Hero-Shape.png\" class=\"attachment-full size-full wp-image-9282\" alt=\"\" srcset=\"https:\/\/thehighclassbcn.com\/wp-content\/uploads\/2023\/08\/HomePage-Hero-Shape.png 320w, https:\/\/thehighclassbcn.com\/wp-content\/uploads\/2023\/08\/HomePage-Hero-Shape-138x300.png 138w, https:\/\/thehighclassbcn.com\/wp-content\/uploads\/2023\/08\/HomePage-Hero-Shape-6x12.png 6w, https:\/\/thehighclassbcn.com\/wp-content\/uploads\/2023\/08\/HomePage-Hero-Shape-299x650.png 299w\" sizes=\"(max-width: 320px) 100vw, 320px\" \/>\t\t\t\t\t\t\t\t\t\t\t\t\t\t\t<\/div>\n\t\t\t\t<\/div>\n\t\t\t\t\t<\/div>\n\t\t<\/div>\n\t\t\t\t\t<\/div>\n\t\t<\/section>\n\t\t\t\t<section class=\"elementor-section elementor-top-section elementor-element elementor-element-3890b739 elementor-section-height-min-height elementor-section-content-middle elementor-section-items-stretch elementor-section-boxed elementor-section-height-default\" data-id=\"3890b739\" data-element_type=\"section\" data-e-type=\"section\" data-settings=\"{&quot;background_background&quot;:&quot;classic&quot;}\">\n\t\t\t\t\t\t<div class=\"elementor-container elementor-column-gap-default\">\n\t\t\t\t\t<div class=\"elementor-column elementor-col-50 elementor-top-column elementor-element elementor-element-51565f5f\" data-id=\"51565f5f\" data-element_type=\"column\" data-e-type=\"column\" data-settings=\"{&quot;background_background&quot;:&quot;classic&quot;}\">\n\t\t\t<div class=\"elementor-widget-wrap elementor-element-populated\">\n\t\t\t\t\t\t<div class=\"elementor-element elementor-element-485271e4 elementor-widget elementor-widget-spacer\" data-id=\"485271e4\" data-element_type=\"widget\" data-e-type=\"widget\" data-widget_type=\"spacer.default\">\n\t\t\t\t<div class=\"elementor-widget-container\">\n\t\t\t\t\t\t\t<div class=\"elementor-spacer\">\n\t\t\t<div class=\"elementor-spacer-inner\"><\/div>\n\t\t<\/div>\n\t\t\t\t\t\t<\/div>\n\t\t\t\t<\/div>\n\t\t\t\t\t<\/div>\n\t\t<\/div>\n\t\t\t\t<div class=\"elementor-column elementor-col-50 elementor-top-column elementor-element elementor-element-47e2f475\" data-id=\"47e2f475\" data-element_type=\"column\" data-e-type=\"column\" data-settings=\"{&quot;background_background&quot;:&quot;classic&quot;}\">\n\t\t\t<div class=\"elementor-widget-wrap elementor-element-populated\">\n\t\t\t\t\t\t<div class=\"elementor-element elementor-element-12fd54b elementor-widget elementor-widget-spacer\" data-id=\"12fd54b\" data-element_type=\"widget\" data-e-type=\"widget\" data-widget_type=\"spacer.default\">\n\t\t\t\t<div class=\"elementor-widget-container\">\n\t\t\t\t\t\t\t<div class=\"elementor-spacer\">\n\t\t\t<div class=\"elementor-spacer-inner\"><\/div>\n\t\t<\/div>\n\t\t\t\t\t\t<\/div>\n\t\t\t\t<\/div>\n\t\t\t\t\t<\/div>\n\t\t<\/div>\n\t\t\t\t\t<\/div>\n\t\t<\/section>\n\t\t\t\t<\/div>\n\t\t","protected":false},"excerpt":{"rendered":"<p>VIERNES DE CATA Te invitamos a un evento \u00fanico en nuestro club de cannabis, donde podr\u00e1s sumergirte en una experiencia sensorial y educativa en nuestro Viernes de Cata Cann\u00e1bica. \u00danete a nosotros para explorar una [&hellip;]<\/p>\n","protected":false},"author":3,"featured_media":0,"parent":0,"menu_order":0,"comment_status":"closed","ping_status":"closed","template":"","meta":{"_joinchat":[],"footnotes":""},"class_list":["post-9301","page","type-page","status-publish","hentry"],"yoast_head":"<!-- This site is optimized with the Yoast SEO plugin v27.1.1 - https:\/\/yoast.com\/product\/yoast-seo-wordpress\/ -->\n<title>VIERNES DE CATA &#8226; The High Class<\/title>\n<meta name=\"description\" content=\"VIERNES DE CATA Te invitamos a un evento \u00fanico en nuestro club de cannabis, donde podr\u00e1s sumergirte en una experiencia sensorial y educativa en nuestro\" \/>\n<meta name=\"robots\" content=\"index, follow, max-snippet:-1, max-image-preview:large, max-video-preview:-1\" \/>\n<link rel=\"canonical\" href=\"https:\/\/thehighclassbcn.com\/it\/giovedi-degustazione-2\/\" \/>\n<meta property=\"og:locale\" content=\"it_IT\" \/>\n<meta property=\"og:type\" content=\"article\" \/>\n<meta property=\"og:title\" content=\"VIERNES DE CATA &#8226; The High Class\" \/>\n<meta property=\"og:description\" content=\"VIERNES DE CATA Te invitamos a un evento \u00fanico en nuestro club de cannabis, donde podr\u00e1s sumergirte en una experiencia sensorial y educativa en nuestro\" \/>\n<meta property=\"og:url\" content=\"https:\/\/thehighclassbcn.com\/it\/giovedi-degustazione-2\/\" \/>\n<meta property=\"og:site_name\" content=\"The High Class\" \/>\n<meta property=\"article:modified_time\" content=\"2024-06-25T18:34:50+00:00\" \/>\n<meta property=\"og:image\" content=\"https:\/\/thehighclassbcn.com\/wp-content\/uploads\/2023\/08\/HomePage-Hero-Shape.png\" \/>\n<meta name=\"twitter:card\" content=\"summary_large_image\" \/>\n<meta name=\"twitter:label1\" content=\"Tempo di lettura stimato\" \/>\n\t<meta name=\"twitter:data1\" content=\"1 minuto\" \/>\n<script type=\"application\/ld+json\" class=\"yoast-schema-graph\">{\"@context\":\"https:\/\/schema.org\",\"@graph\":[{\"@type\":\"WebPage\",\"@id\":\"https:\/\/thehighclassbcn.com\/de\/donnerstags-verkostung-2\/\",\"url\":\"https:\/\/thehighclassbcn.com\/de\/donnerstags-verkostung-2\/\",\"name\":\"VIERNES DE CATA &#8226; The High Class\",\"isPartOf\":{\"@id\":\"https:\/\/thehighclassbcn.com\/#website\"},\"primaryImageOfPage\":{\"@id\":\"https:\/\/thehighclassbcn.com\/de\/donnerstags-verkostung-2\/#primaryimage\"},\"image\":{\"@id\":\"https:\/\/thehighclassbcn.com\/de\/donnerstags-verkostung-2\/#primaryimage\"},\"thumbnailUrl\":\"https:\/\/thehighclassbcn.com\/wp-content\/uploads\/2023\/08\/HomePage-Hero-Shape.png\",\"datePublished\":\"2023-08-21T12:37:06+00:00\",\"dateModified\":\"2024-06-25T18:34:50+00:00\",\"description\":\"VIERNES DE CATA Te invitamos a un evento \u00fanico en nuestro club de cannabis, donde podr\u00e1s sumergirte en una experiencia sensorial y educativa en nuestro\",\"breadcrumb\":{\"@id\":\"https:\/\/thehighclassbcn.com\/de\/donnerstags-verkostung-2\/#breadcrumb\"},\"inLanguage\":\"it-IT\",\"potentialAction\":[{\"@type\":\"ReadAction\",\"target\":[\"https:\/\/thehighclassbcn.com\/de\/donnerstags-verkostung-2\/\"]}]},{\"@type\":\"ImageObject\",\"inLanguage\":\"it-IT\",\"@id\":\"https:\/\/thehighclassbcn.com\/de\/donnerstags-verkostung-2\/#primaryimage\",\"url\":\"https:\/\/thehighclassbcn.com\/wp-content\/uploads\/2023\/08\/HomePage-Hero-Shape.png\",\"contentUrl\":\"https:\/\/thehighclassbcn.com\/wp-content\/uploads\/2023\/08\/HomePage-Hero-Shape.png\"},{\"@type\":\"BreadcrumbList\",\"@id\":\"https:\/\/thehighclassbcn.com\/de\/donnerstags-verkostung-2\/#breadcrumb\",\"itemListElement\":[{\"@type\":\"ListItem\",\"position\":1,\"name\":\"Home\",\"item\":\"https:\/\/thehighclassbcn.com\/\"},{\"@type\":\"ListItem\",\"position\":2,\"name\":\"VIERNES DE CATA\"}]},{\"@type\":\"WebSite\",\"@id\":\"https:\/\/thehighclassbcn.com\/#website\",\"url\":\"https:\/\/thehighclassbcn.com\/\",\"name\":\"The High Class Bcn\",\"description\":\"\",\"publisher\":{\"@id\":\"https:\/\/thehighclassbcn.com\/#organization\"},\"potentialAction\":[{\"@type\":\"SearchAction\",\"target\":{\"@type\":\"EntryPoint\",\"urlTemplate\":\"https:\/\/thehighclassbcn.com\/?s={search_term_string}\"},\"query-input\":{\"@type\":\"PropertyValueSpecification\",\"valueRequired\":true,\"valueName\":\"search_term_string\"}}],\"inLanguage\":\"it-IT\"},{\"@type\":\"Organization\",\"@id\":\"https:\/\/thehighclassbcn.com\/#organization\",\"name\":\"The High Class Bcn\",\"alternateName\":\"The High Class Bcn\",\"url\":\"https:\/\/thehighclassbcn.com\/\",\"logo\":{\"@type\":\"ImageObject\",\"inLanguage\":\"it-IT\",\"@id\":\"https:\/\/thehighclassbcn.com\/#\/schema\/logo\/image\/\",\"url\":\"https:\/\/thehighclassbcn.com\/wp-content\/uploads\/2024\/06\/C6F66C31-1F1C-4492-8C5A-C0E841FA0049.webp\",\"contentUrl\":\"https:\/\/thehighclassbcn.com\/wp-content\/uploads\/2024\/06\/C6F66C31-1F1C-4492-8C5A-C0E841FA0049.webp\",\"width\":2560,\"height\":1810,\"caption\":\"The High Class Bcn\"},\"image\":{\"@id\":\"https:\/\/thehighclassbcn.com\/#\/schema\/logo\/image\/\"}}]}<\/script>\n<!-- \/ Yoast SEO plugin. -->","yoast_head_json":{"title":"DEGUSTAZIONE DEL VENERDI' - L'Alta Classe","description":"DEGUSTAZIONE DEL VENERDI' Vi invitiamo ad un evento unico presso il nostro cannabis club, dove potrete immergervi in un'esperienza sensoriale ed educativa nella nostra","robots":{"index":"index","follow":"follow","max-snippet":"max-snippet:-1","max-image-preview":"max-image-preview:large","max-video-preview":"max-video-preview:-1"},"canonical":"https:\/\/thehighclassbcn.com\/it\/giovedi-degustazione-2\/","og_locale":"it_IT","og_type":"article","og_title":"VIERNES DE CATA &#8226; The High Class","og_description":"VIERNES DE CATA Te invitamos a un evento \u00fanico en nuestro club de cannabis, donde podr\u00e1s sumergirte en una experiencia sensorial y educativa en nuestro","og_url":"https:\/\/thehighclassbcn.com\/it\/giovedi-degustazione-2\/","og_site_name":"The High Class","article_modified_time":"2024-06-25T18:34:50+00:00","og_image":[{"url":"https:\/\/thehighclassbcn.com\/wp-content\/uploads\/2023\/08\/HomePage-Hero-Shape.png","type":"","width":"","height":""}],"twitter_card":"summary_large_image","twitter_misc":{"Tempo di lettura stimato":"1 minuto"},"schema":{"@context":"https:\/\/schema.org","@graph":[{"@type":"WebPage","@id":"https:\/\/thehighclassbcn.com\/de\/donnerstags-verkostung-2\/","url":"https:\/\/thehighclassbcn.com\/de\/donnerstags-verkostung-2\/","name":"DEGUSTAZIONE DEL VENERDI' - L'Alta Classe","isPartOf":{"@id":"https:\/\/thehighclassbcn.com\/#website"},"primaryImageOfPage":{"@id":"https:\/\/thehighclassbcn.com\/de\/donnerstags-verkostung-2\/#primaryimage"},"image":{"@id":"https:\/\/thehighclassbcn.com\/de\/donnerstags-verkostung-2\/#primaryimage"},"thumbnailUrl":"https:\/\/thehighclassbcn.com\/wp-content\/uploads\/2023\/08\/HomePage-Hero-Shape.png","datePublished":"2023-08-21T12:37:06+00:00","dateModified":"2024-06-25T18:34:50+00:00","description":"DEGUSTAZIONE DEL VENERDI' Vi invitiamo ad un evento unico presso il nostro cannabis club, dove potrete immergervi in un'esperienza sensoriale ed educativa nella nostra","breadcrumb":{"@id":"https:\/\/thehighclassbcn.com\/de\/donnerstags-verkostung-2\/#breadcrumb"},"inLanguage":"it-IT","potentialAction":[{"@type":"ReadAction","target":["https:\/\/thehighclassbcn.com\/de\/donnerstags-verkostung-2\/"]}]},{"@type":"ImageObject","inLanguage":"it-IT","@id":"https:\/\/thehighclassbcn.com\/de\/donnerstags-verkostung-2\/#primaryimage","url":"https:\/\/thehighclassbcn.com\/wp-content\/uploads\/2023\/08\/HomePage-Hero-Shape.png","contentUrl":"https:\/\/thehighclassbcn.com\/wp-content\/uploads\/2023\/08\/HomePage-Hero-Shape.png"},{"@type":"BreadcrumbList","@id":"https:\/\/thehighclassbcn.com\/de\/donnerstags-verkostung-2\/#breadcrumb","itemListElement":[{"@type":"ListItem","position":1,"name":"Home","item":"https:\/\/thehighclassbcn.com\/"},{"@type":"ListItem","position":2,"name":"VIERNES DE CATA"}]},{"@type":"WebSite","@id":"https:\/\/thehighclassbcn.com\/#website","url":"https:\/\/thehighclassbcn.com\/","name":"Il Bcn di alta classe","description":"","publisher":{"@id":"https:\/\/thehighclassbcn.com\/#organization"},"potentialAction":[{"@type":"SearchAction","target":{"@type":"EntryPoint","urlTemplate":"https:\/\/thehighclassbcn.com\/?s={search_term_string}"},"query-input":{"@type":"PropertyValueSpecification","valueRequired":true,"valueName":"search_term_string"}}],"inLanguage":"it-IT"},{"@type":"Organization","@id":"https:\/\/thehighclassbcn.com\/#organization","name":"Il Bcn di alta classe","alternateName":"The High Class Bcn","url":"https:\/\/thehighclassbcn.com\/","logo":{"@type":"ImageObject","inLanguage":"it-IT","@id":"https:\/\/thehighclassbcn.com\/#\/schema\/logo\/image\/","url":"https:\/\/thehighclassbcn.com\/wp-content\/uploads\/2024\/06\/C6F66C31-1F1C-4492-8C5A-C0E841FA0049.webp","contentUrl":"https:\/\/thehighclassbcn.com\/wp-content\/uploads\/2024\/06\/C6F66C31-1F1C-4492-8C5A-C0E841FA0049.webp","width":2560,"height":1810,"caption":"The High Class Bcn"},"image":{"@id":"https:\/\/thehighclassbcn.com\/#\/schema\/logo\/image\/"}}]}},"_links":{"self":[{"href":"https:\/\/thehighclassbcn.com\/it\/wp-json\/wp\/v2\/pages\/9301","targetHints":{"allow":["GET"]}}],"collection":[{"href":"https:\/\/thehighclassbcn.com\/it\/wp-json\/wp\/v2\/pages"}],"about":[{"href":"https:\/\/thehighclassbcn.com\/it\/wp-json\/wp\/v2\/types\/page"}],"author":[{"embeddable":true,"href":"https:\/\/thehighclassbcn.com\/it\/wp-json\/wp\/v2\/users\/3"}],"replies":[{"embeddable":true,"href":"https:\/\/thehighclassbcn.com\/it\/wp-json\/wp\/v2\/comments?post=9301"}],"version-history":[{"count":3,"href":"https:\/\/thehighclassbcn.com\/it\/wp-json\/wp\/v2\/pages\/9301\/revisions"}],"predecessor-version":[{"id":16071,"href":"https:\/\/thehighclassbcn.com\/it\/wp-json\/wp\/v2\/pages\/9301\/revisions\/16071"}],"wp:attachment":[{"href":"https:\/\/thehighclassbcn.com\/it\/wp-json\/wp\/v2\/media?parent=9301"}],"curies":[{"name":"wp","href":"https:\/\/api.w.org\/{rel}","templated":true}]}}