{"id":1045,"date":"2022-03-17T06:48:43","date_gmt":"2022-03-17T05:48:43","guid":{"rendered":"https:\/\/themeim.com\/wp\/sword\/?page_id=1045"},"modified":"2025-08-12T17:02:11","modified_gmt":"2025-08-12T15:02:11","slug":"faqs-domande-frequenti","status":"publish","type":"page","link":"https:\/\/thehighclassbcn.com\/it\/faqs-domande-frequenti\/","title":{"rendered":"Domande frequenti"},"content":{"rendered":"<div data-elementor-type=\"wp-page\" data-elementor-id=\"1045\" class=\"elementor elementor-1045\" data-elementor-settings=\"{&quot;element_pack_global_tooltip_width&quot;:{&quot;unit&quot;:&quot;px&quot;,&quot;size&quot;:&quot;&quot;,&quot;sizes&quot;:[]},&quot;element_pack_global_tooltip_width_tablet&quot;:{&quot;unit&quot;:&quot;px&quot;,&quot;size&quot;:&quot;&quot;,&quot;sizes&quot;:[]},&quot;element_pack_global_tooltip_width_mobile&quot;:{&quot;unit&quot;:&quot;px&quot;,&quot;size&quot;:&quot;&quot;,&quot;sizes&quot;:[]},&quot;element_pack_global_tooltip_padding&quot;:{&quot;unit&quot;:&quot;px&quot;,&quot;top&quot;:&quot;&quot;,&quot;right&quot;:&quot;&quot;,&quot;bottom&quot;:&quot;&quot;,&quot;left&quot;:&quot;&quot;,&quot;isLinked&quot;:true},&quot;element_pack_global_tooltip_padding_tablet&quot;:{&quot;unit&quot;:&quot;px&quot;,&quot;top&quot;:&quot;&quot;,&quot;right&quot;:&quot;&quot;,&quot;bottom&quot;:&quot;&quot;,&quot;left&quot;:&quot;&quot;,&quot;isLinked&quot;:true},&quot;element_pack_global_tooltip_padding_mobile&quot;:{&quot;unit&quot;:&quot;px&quot;,&quot;top&quot;:&quot;&quot;,&quot;right&quot;:&quot;&quot;,&quot;bottom&quot;:&quot;&quot;,&quot;left&quot;:&quot;&quot;,&quot;isLinked&quot;:true},&quot;element_pack_global_tooltip_border_radius&quot;:{&quot;unit&quot;:&quot;px&quot;,&quot;top&quot;:&quot;&quot;,&quot;right&quot;:&quot;&quot;,&quot;bottom&quot;:&quot;&quot;,&quot;left&quot;:&quot;&quot;,&quot;isLinked&quot;:true},&quot;element_pack_global_tooltip_border_radius_tablet&quot;:{&quot;unit&quot;:&quot;px&quot;,&quot;top&quot;:&quot;&quot;,&quot;right&quot;:&quot;&quot;,&quot;bottom&quot;:&quot;&quot;,&quot;left&quot;:&quot;&quot;,&quot;isLinked&quot;:true},&quot;element_pack_global_tooltip_border_radius_mobile&quot;:{&quot;unit&quot;:&quot;px&quot;,&quot;top&quot;:&quot;&quot;,&quot;right&quot;:&quot;&quot;,&quot;bottom&quot;:&quot;&quot;,&quot;left&quot;:&quot;&quot;,&quot;isLinked&quot;:true}}\" data-elementor-post-type=\"page\">\n\t\t\t\t\t\t<div class=\"elementor-section elementor-top-section elementor-element elementor-element-471fff4f elementor-section-stretched elementor-section-boxed elementor-section-height-default elementor-section-height-default\" data-id=\"471fff4f\" data-element_type=\"section\" data-e-type=\"section\" data-settings=\"{&quot;stretch_section&quot;:&quot;section-stretched&quot;,&quot;background_background&quot;:&quot;classic&quot;}\">\n\t\t\t\t\t\t<div class=\"elementor-container elementor-column-gap-default\">\n\t\t\t\t\t<div class=\"elementor-column elementor-col-100 elementor-top-column elementor-element elementor-element-6a44ee38\" data-id=\"6a44ee38\" data-element_type=\"column\" data-e-type=\"column\">\n\t\t\t<div class=\"elementor-widget-wrap elementor-element-populated\">\n\t\t\t\t\t\t<section class=\"elementor-section elementor-inner-section elementor-element elementor-element-54fdb369 elementor-section-boxed elementor-section-height-default elementor-section-height-default\" data-id=\"54fdb369\" data-element_type=\"section\" data-e-type=\"section\">\n\t\t\t\t\t\t<div class=\"elementor-container elementor-column-gap-default\">\n\t\t\t\t\t<div class=\"elementor-column elementor-col-100 elementor-inner-column elementor-element elementor-element-f6c4e72\" data-id=\"f6c4e72\" data-element_type=\"column\" data-e-type=\"column\">\n\t\t\t<div class=\"elementor-widget-wrap elementor-element-populated\">\n\t\t\t\t\t\t<div class=\"elementor-element elementor-element-a69bd72 elementor-widget elementor-widget-text-editor\" data-id=\"a69bd72\" data-element_type=\"widget\" data-e-type=\"widget\" data-widget_type=\"text-editor.default\">\n\t\t\t\t<div class=\"elementor-widget-container\">\n\t\t\t\t\t\t\t\t\t<div class=\"faq-item active\"><h3 class=\"faq-title\"><span class=\"title\">Che cos'\u00e8 il Barcellona di alta classe?<\/span><\/h3><div class=\"faq-content\"><p>The High Class \u00e8 un'associazione di cannabis con sede a Barcellona, per la quale \u00e8 necessario essere soci. All'interno del nostro cannabis club The High Class, potrete consumare legalmente la cannabis e i suoi derivati.<\/p><div class=\"faq-list-area\"><h4 class=\"title\">Per riassumere:<\/h3><ul class=\"faq-list\"><li>Siamo a Barcellona.<\/li><li>Per accedere, \u00e8 necessario essere membri.<\/li><li>Qui \u00e8 possibile consumare legalmente la cannabis.<\/li><\/ul><\/div><div class=\"faq-inner-thumb-area\"><div class=\"row justify-content-center mb-30-none\">\u00a0<\/div><\/div><\/div><\/div><div class=\"faq-item active\"><h3 class=\"faq-title\"><span class=\"title\">Come posso diventare membro dell'associazione di cannabis The High Class?<\/span><\/h3><div class=\"faq-content\"><p>Per fumare marijuana legalmente a Barcellona, \u00e8 necessario farlo in un luogo privato, come un'associazione di cannabis. Per diventare membri del nostro social club, \u00e8 necessario avere un invito, avere almeno 21 anni e presentare un documento d'identit\u00e0 con foto.<\/p><div class=\"faq-list-area\"><h4 class=\"title\">Per riassumere<\/h3><ul class=\"faq-list\"><li>Richiedete l'accesso utilizzando il modulo.<\/li><li>Venite con un partner che vi raccomandi.<\/li><\/ul><\/div><div class=\"faq-inner-thumb-area\"><div class=\"row justify-content-center mb-30-none\">\u00a0<\/div><\/div><\/div><\/div><div class=\"faq-item active\"><h3 class=\"faq-title\"><span class=\"title\">Che ne \u00e8 della sicurezza dei dati personali che fornisco a un cannabis club?<\/span><\/h3><div class=\"faq-content\"><p>Potete stare tranquilli sulla sicurezza dei vostri dati personali. The High Class tratta i vostri dati con la massima riservatezza e responsabilit\u00e0. Conservati in modo sicuro, i vostri dati non saranno mai condivisi.<\/p><div class=\"faq-list-area\"><h4 class=\"title\">Per riassumere<\/h3><ul class=\"faq-list\"><li>Proteggiamo i vostri dati.<\/li><li>\u00c8 nostra responsabilit\u00e0 farlo.<\/li><\/ul><\/div><div class=\"faq-inner-thumb-area\"><div class=\"row justify-content-center mb-30-none\">\u00a0<\/div><\/div><\/div><\/div><div class=\"faq-item active\"><h3 class=\"faq-title\"><span class=\"title\">Ho bisogno di un documento di identit\u00e0 ogni volta che entro nel cannabis club?<\/span><\/h3><div class=\"faq-content\"><p>S\u00ec, uno dei requisiti per entrare a far parte del club \u00e8 presentare un documento d'identit\u00e0 ufficiale del proprio Paese, che si tratti di carta d'identit\u00e0, passaporto, patente di guida, ecc.<\/p><div class=\"faq-list-area\"><h4 class=\"title\">Per riassumere:<\/h3><ul class=\"faq-list\"><li>Portate con voi un documento che vi identifichi.<\/li><li>Qualsiasi cosa emessa da un'autorit\u00e0 valida.<\/li><\/ul><\/div><div class=\"faq-inner-thumb-area\"><div class=\"row justify-content-center mb-30-none\">\u00a0<\/div><\/div><\/div><\/div><div class=\"faq-item active\"><h3 class=\"faq-title\"><span class=\"title\">Devo registrarmi ogni volta che visito l'associazione della cannabis?<\/span><\/h3><div class=\"faq-content\"><p>Certo che no! \u00c8 sufficiente registrarsi la prima volta. In seguito, per accedere \u00e8 sufficiente il numero di iscrizione e un documento d'identit\u00e0 con foto.<\/p><div class=\"faq-list-area\"><h4 class=\"title\">Per riassumere:<\/h3><ul class=\"faq-list\"><li>Registrazione la prima volta.<\/li><li>Accedere con l'abbonamento #.<\/li><\/ul><\/div><\/div><\/div><div class=\"faq-item active\"><div class=\"faq-content\"><div class=\"faq-inner-thumb-area\"><div class=\"row justify-content-center mb-30-none\">\u00a0<\/div><\/div><\/div><\/div><div class=\"faq-item active\"><h3 class=\"faq-title\"><span class=\"title\">\u00c8 legale fumare marijuana a Barcellona?<\/span><\/h3><div class=\"faq-content\"><p>Fumare marijuana negli spazi pubblici \u00e8 severamente vietato. Ci\u00f2 che \u00e8 legale, invece, \u00e8 fumare in uno spazio privato, motivo per cui esistono associazioni di cannabis come The High Class.<\/p><div class=\"faq-list-area\"><h4 class=\"title\">Per riassumere:<\/h3><ul class=\"faq-list\"><li>In spazi privati, s\u00ec.<\/li><li>Nelle aree pubbliche, NO.<\/li><\/ul><\/div><div class=\"faq-inner-thumb-area\"><div class=\"row justify-content-center mb-30-none\">\u00a0<\/div><\/div><\/div><\/div><div class=\"faq-item active\"><h3 class=\"faq-title\"><span class=\"title\">Posso acquistare marijuana online?<\/span><\/h3><div class=\"faq-content\"><p>No, nessun club offre vendite di cannabis online.<\/p><div class=\"faq-list-area\"><h4 class=\"title\">Per riassumere:<\/h3><ul class=\"faq-list\"><li>NO. \u00c8 illegale.<\/li><\/ul><\/div><div class=\"faq-inner-thumb-area\"><div class=\"row justify-content-center mb-30-none\">\u00a0<\/div><\/div><\/div><\/div><div class=\"faq-item active\"><h3 class=\"faq-title\"><span class=\"title\">Qual \u00e8 la differenza tra CBD e THC?<\/span><\/h3><div class=\"faq-content\"><p>La differenza principale \u00e8 che il CBD agisce come rilassante e non fornisce lo \"sballo\", in quanto questo effetto euforico \u00e8 causato dal THC. Per saperne di pi\u00f9: https:\/\/thehighclassbcn.com\/cbd-cannabis-medicinal-y-efectos-en-el-organismo\/<\/p><div class=\"faq-list-area\"><h4 class=\"title\">Per riassumere:<\/h3><ul class=\"faq-list\"><li>L'effetto sul corpo \u00e8 diverso a seconda di ci\u00f2 che si consuma.<\/li><\/ul><\/div><div class=\"faq-inner-thumb-area\"><div class=\"row justify-content-center mb-30-none\">\u00a0<\/div><\/div><\/div><\/div><div class=\"faq-item active\"><h3 class=\"faq-title\"><span class=\"title\">Qual \u00e8 la differenza tra Indica e Sativa?<\/span><\/h3><div class=\"faq-content\"><p>Una variet\u00e0 Indica \u00e8 spesso la scelta migliore per il riposo e il relax grazie ai suoi effetti sedativi. \u00c8 consigliata per calmare lo stress, per le serate al cinema o per chiudere la giornata in modo rilassato. La Sativa ha un effetto cerebrale che genera una sensazione di \"euforia\". Generalmente accompagnata da un effetto energizzante che si fa sentire nel corpo, \u00e8 pi\u00f9 comunemente usata durante il giorno perch\u00e9 mantiene pi\u00f9 attivi rispetto a una variet\u00e0 Indica.<\/p><div class=\"faq-list-area\"><h4 class=\"title\">Per riassumere:<\/h3><ul class=\"faq-list\"><li>Indica = riposo e relax.<\/li><li>Sativa = euforia ed energia.<\/li><\/ul><\/div><div class=\"faq-inner-thumb-area\"><div class=\"row justify-content-center mb-30-none\">\u00a0<\/div><\/div><\/div><\/div><div class=\"faq-item active\"><h3 class=\"faq-title\"><span class=\"title\">Non mi piace fumare, offrite altre opzioni per consumare cannabis all'interno del club?<\/span><\/h3><div class=\"faq-content\"><p>S\u00ec, all'interno della nostra associazione di cannabis The High Class troverete vaporizzatori, bong e dab rigs per consumare la vostra erba preferita, estratto o concentrato.<\/p><div class=\"faq-list-area\"><h4 class=\"title\">Per riassumere:<\/h3><ul class=\"faq-list\"><li>Abbiamo vaporizzatori.<\/li><li>Anche bong e rig, nel nostro negozio.<\/li><\/ul><\/div><\/div><\/div>\t\t\t\t\t\t\t\t<\/div>\n\t\t\t\t<\/div>\n\t\t\t\t\t<\/div>\n\t\t<\/div>\n\t\t\t\t\t<\/div>\n\t\t<\/section>\n\t\t\t\t\t<\/div>\n\t\t<\/div>\n\t\t\t\t\t<\/div>\n\t\t<\/div>\n\t\t\t\t<div class=\"elementor-section elementor-top-section elementor-element elementor-element-c5040c0 elementor-section-stretched elementor-section-boxed elementor-section-height-default elementor-section-height-default\" data-id=\"c5040c0\" data-element_type=\"section\" data-e-type=\"section\" data-settings=\"{&quot;stretch_section&quot;:&quot;section-stretched&quot;,&quot;background_background&quot;:&quot;classic&quot;}\">\n\t\t\t\t\t\t\t<div class=\"elementor-background-overlay\"><\/div>\n\t\t\t\t\t\t\t<div class=\"elementor-container elementor-column-gap-default\">\n\t\t\t\t\t<div class=\"elementor-column elementor-col-100 elementor-top-column elementor-element elementor-element-8e7f89e\" data-id=\"8e7f89e\" data-element_type=\"column\" data-e-type=\"column\">\n\t\t\t<div class=\"elementor-widget-wrap elementor-element-populated\">\n\t\t\t\t\t\t<div class=\"elementor-section elementor-inner-section elementor-element elementor-element-cbb642b elementor-section-boxed elementor-section-height-default elementor-section-height-default\" data-id=\"cbb642b\" data-element_type=\"section\" data-e-type=\"section\">\n\t\t\t\t\t\t<div class=\"elementor-container elementor-column-gap-default\">\n\t\t\t\t\t<div class=\"elementor-column elementor-col-33 elementor-inner-column elementor-element elementor-element-2f21752\" data-id=\"2f21752\" data-element_type=\"column\" data-e-type=\"column\">\n\t\t\t<div class=\"elementor-widget-wrap\">\n\t\t\t\t\t\t\t<\/div>\n\t\t<\/div>\n\t\t\t\t<div class=\"elementor-column elementor-col-33 elementor-inner-column elementor-element elementor-element-e4f966c\" data-id=\"e4f966c\" data-element_type=\"column\" data-e-type=\"column\">\n\t\t\t<div class=\"elementor-widget-wrap elementor-element-populated\">\n\t\t\t\t\t\t<div class=\"elementor-element elementor-element-6fa991d elementor-widget elementor-widget-heading\" data-id=\"6fa991d\" data-element_type=\"widget\" data-e-type=\"widget\" data-widget_type=\"heading.default\">\n\t\t\t\t<div class=\"elementor-widget-container\">\n\t\t\t\t\t<h2 class=\"elementor-heading-title elementor-size-default\">UNISCITI AL NOSTRO CLUB PRIVATO A BARCELLONA<\/h2>\t\t\t\t<\/div>\n\t\t\t\t<\/div>\n\t\t\t\t<div class=\"elementor-element elementor-element-ea33977 elementor-widget elementor-widget-heading\" data-id=\"ea33977\" data-element_type=\"widget\" data-e-type=\"widget\" data-widget_type=\"heading.default\">\n\t\t\t\t<div class=\"elementor-widget-container\">\n\t\t\t\t\t<p class=\"elementor-heading-title elementor-size-default\"> 1TP5GIGHEESPERIENZA<\/p>\t\t\t\t<\/div>\n\t\t\t\t<\/div>\n\t\t\t\t<div class=\"elementor-element elementor-element-671177d elementor-widget elementor-widget-heading\" data-id=\"671177d\" data-element_type=\"widget\" data-e-type=\"widget\" data-widget_type=\"heading.default\">\n\t\t\t\t<div class=\"elementor-widget-container\">\n\t\t\t\t\t<p class=\"elementor-heading-title elementor-size-default\">Per entrare a far parte del nostro club dell'erba a Barcellona, \u00e8 necessario essere soci. Compilate il modulo e quando ci saranno posti liberi vi informeremo.<\/p>\t\t\t\t<\/div>\n\t\t\t\t<\/div>\n\t\t\t\t<div class=\"elementor-element elementor-element-330ac6e elementor-align-center elementor-widget elementor-widget-button\" data-id=\"330ac6e\" data-element_type=\"widget\" data-e-type=\"widget\" data-widget_type=\"button.default\">\n\t\t\t\t<div class=\"elementor-widget-container\">\n\t\t\t\t\t\t\t\t\t<div class=\"elementor-button-wrapper\">\n\t\t\t\t\t<a class=\"elementor-button elementor-button-link elementor-size-sm\" href=\"\/it\/appartenenza\/\">\n\t\t\t\t\t\t<span class=\"elementor-button-content-wrapper\">\n\t\t\t\t\t\t<span class=\"elementor-button-icon\">\n\t\t\t\t<i aria-hidden=\"true\" class=\"fas fa-arrow-right\"><\/i>\t\t\t<\/span>\n\t\t\t\t\t\t\t\t\t<span class=\"elementor-button-text\">VOGLIO DIVENTARE MEMBRO<\/span>\n\t\t\t\t\t<\/span>\n\t\t\t\t\t<\/a>\n\t\t\t\t<\/div>\n\t\t\t\t\t\t\t\t<\/div>\n\t\t\t\t<\/div>\n\t\t\t\t\t<\/div>\n\t\t<\/div>\n\t\t\t\t<div class=\"elementor-column elementor-col-33 elementor-inner-column elementor-element elementor-element-d2109bf\" data-id=\"d2109bf\" data-element_type=\"column\" data-e-type=\"column\">\n\t\t\t<div class=\"elementor-widget-wrap\">\n\t\t\t\t\t\t\t<\/div>\n\t\t<\/div>\n\t\t\t\t\t<\/div>\n\t\t<\/div>\n\t\t\t\t\t<\/div>\n\t\t<\/div>\n\t\t\t\t\t<\/div>\n\t\t<\/div>\n\t\t\t\t<\/div>","protected":false},"excerpt":{"rendered":"<p>\u00bfQu\u00e9 es The High Class Barcelona? The High Class es una asociaci\u00f3n cann\u00e1bica ubicada en Barcelona, a la cual necesitas ser miembro para entrar. Dentro de nuestro club cann\u00e1bico The High Class, podr\u00e1s consumir cannabis [&hellip;]<\/p>\n","protected":false},"author":3,"featured_media":3514,"parent":0,"menu_order":0,"comment_status":"closed","ping_status":"closed","template":"","meta":{"_joinchat":[],"footnotes":""},"class_list":["post-1045","page","type-page","status-publish","has-post-thumbnail","hentry"],"yoast_head":"<!-- This site is optimized with the Yoast SEO plugin v27.1.1 - https:\/\/yoast.com\/product\/yoast-seo-wordpress\/ -->\n<title>FAQs &#8226; The High Class<\/title>\n<meta name=\"description\" content=\"FAQs, tambi\u00e9n conocido como Preguntas Frecuentes. Aqu\u00ed encontrar\u00e1s resueltas las dudas que nos suelen hacer. Bienvenidx a The High Class Barcelona.\" \/>\n<meta name=\"robots\" content=\"index, follow, max-snippet:-1, max-image-preview:large, max-video-preview:-1\" \/>\n<link rel=\"canonical\" href=\"https:\/\/thehighclassbcn.com\/it\/faqs-domande-frequenti\/\" \/>\n<meta property=\"og:locale\" content=\"it_IT\" \/>\n<meta property=\"og:type\" content=\"article\" \/>\n<meta property=\"og:title\" content=\"FAQs &#8226; The High Class\" \/>\n<meta property=\"og:description\" content=\"FAQs, tambi\u00e9n conocido como Preguntas Frecuentes. Aqu\u00ed encontrar\u00e1s resueltas las dudas que nos suelen hacer. Bienvenidx a The High Class Barcelona.\" \/>\n<meta property=\"og:url\" content=\"https:\/\/thehighclassbcn.com\/it\/faqs-domande-frequenti\/\" \/>\n<meta property=\"og:site_name\" content=\"The High Class\" \/>\n<meta property=\"article:modified_time\" content=\"2025-08-12T15:02:11+00:00\" \/>\n<meta property=\"og:image\" content=\"https:\/\/thehighclassbcn.com\/wp-content\/uploads\/2022\/10\/MG_4411-h-1.jpg\" \/>\n\t<meta property=\"og:image:width\" content=\"956\" \/>\n\t<meta property=\"og:image:height\" content=\"609\" \/>\n\t<meta property=\"og:image:type\" content=\"image\/jpeg\" \/>\n<meta name=\"twitter:card\" content=\"summary_large_image\" \/>\n<meta name=\"twitter:label1\" content=\"Tempo di lettura stimato\" \/>\n\t<meta name=\"twitter:data1\" content=\"3 minuti\" \/>\n<script type=\"application\/ld+json\" class=\"yoast-schema-graph\">{\"@context\":\"https:\/\/schema.org\",\"@graph\":[{\"@type\":\"WebPage\",\"@id\":\"https:\/\/thehighclassbcn.com\/faqs-preguntas-frecuentes\/\",\"url\":\"https:\/\/thehighclassbcn.com\/faqs-preguntas-frecuentes\/\",\"name\":\"FAQs &#8226; The High Class\",\"isPartOf\":{\"@id\":\"https:\/\/thehighclassbcn.com\/#website\"},\"primaryImageOfPage\":{\"@id\":\"https:\/\/thehighclassbcn.com\/faqs-preguntas-frecuentes\/#primaryimage\"},\"image\":{\"@id\":\"https:\/\/thehighclassbcn.com\/faqs-preguntas-frecuentes\/#primaryimage\"},\"thumbnailUrl\":\"https:\/\/thehighclassbcn.com\/wp-content\/uploads\/2022\/10\/MG_4411-h-1.jpg\",\"datePublished\":\"2022-03-17T05:48:43+00:00\",\"dateModified\":\"2025-08-12T15:02:11+00:00\",\"description\":\"FAQs, tambi\u00e9n conocido como Preguntas Frecuentes. Aqu\u00ed encontrar\u00e1s resueltas las dudas que nos suelen hacer. Bienvenidx a The High Class Barcelona.\",\"breadcrumb\":{\"@id\":\"https:\/\/thehighclassbcn.com\/faqs-preguntas-frecuentes\/#breadcrumb\"},\"inLanguage\":\"it-IT\",\"potentialAction\":[{\"@type\":\"ReadAction\",\"target\":[\"https:\/\/thehighclassbcn.com\/faqs-preguntas-frecuentes\/\"]}]},{\"@type\":\"ImageObject\",\"inLanguage\":\"it-IT\",\"@id\":\"https:\/\/thehighclassbcn.com\/faqs-preguntas-frecuentes\/#primaryimage\",\"url\":\"https:\/\/thehighclassbcn.com\/wp-content\/uploads\/2022\/10\/MG_4411-h-1.jpg\",\"contentUrl\":\"https:\/\/thehighclassbcn.com\/wp-content\/uploads\/2022\/10\/MG_4411-h-1.jpg\",\"width\":956,\"height\":609},{\"@type\":\"BreadcrumbList\",\"@id\":\"https:\/\/thehighclassbcn.com\/faqs-preguntas-frecuentes\/#breadcrumb\",\"itemListElement\":[{\"@type\":\"ListItem\",\"position\":1,\"name\":\"Home\",\"item\":\"https:\/\/thehighclassbcn.com\/\"},{\"@type\":\"ListItem\",\"position\":2,\"name\":\"FAQs\"}]},{\"@type\":\"WebSite\",\"@id\":\"https:\/\/thehighclassbcn.com\/#website\",\"url\":\"https:\/\/thehighclassbcn.com\/\",\"name\":\"The High Class Bcn\",\"description\":\"\",\"publisher\":{\"@id\":\"https:\/\/thehighclassbcn.com\/#organization\"},\"potentialAction\":[{\"@type\":\"SearchAction\",\"target\":{\"@type\":\"EntryPoint\",\"urlTemplate\":\"https:\/\/thehighclassbcn.com\/?s={search_term_string}\"},\"query-input\":{\"@type\":\"PropertyValueSpecification\",\"valueRequired\":true,\"valueName\":\"search_term_string\"}}],\"inLanguage\":\"it-IT\"},{\"@type\":\"Organization\",\"@id\":\"https:\/\/thehighclassbcn.com\/#organization\",\"name\":\"The High Class Bcn\",\"alternateName\":\"The High Class Bcn\",\"url\":\"https:\/\/thehighclassbcn.com\/\",\"logo\":{\"@type\":\"ImageObject\",\"inLanguage\":\"it-IT\",\"@id\":\"https:\/\/thehighclassbcn.com\/#\/schema\/logo\/image\/\",\"url\":\"https:\/\/thehighclassbcn.com\/wp-content\/uploads\/2024\/06\/C6F66C31-1F1C-4492-8C5A-C0E841FA0049.webp\",\"contentUrl\":\"https:\/\/thehighclassbcn.com\/wp-content\/uploads\/2024\/06\/C6F66C31-1F1C-4492-8C5A-C0E841FA0049.webp\",\"width\":2560,\"height\":1810,\"caption\":\"The High Class Bcn\"},\"image\":{\"@id\":\"https:\/\/thehighclassbcn.com\/#\/schema\/logo\/image\/\"}}]}<\/script>\n<!-- \/ Yoast SEO plugin. -->","yoast_head_json":{"title":"Domande frequenti - La Classe Alta","description":"FAQ, note anche come Domande Frequenti. Qui troverete le risposte alle domande che ci vengono spesso poste. Benvenuti a The High Class Barcelona.","robots":{"index":"index","follow":"follow","max-snippet":"max-snippet:-1","max-image-preview":"max-image-preview:large","max-video-preview":"max-video-preview:-1"},"canonical":"https:\/\/thehighclassbcn.com\/it\/faqs-domande-frequenti\/","og_locale":"it_IT","og_type":"article","og_title":"FAQs &#8226; The High Class","og_description":"FAQs, tambi\u00e9n conocido como Preguntas Frecuentes. Aqu\u00ed encontrar\u00e1s resueltas las dudas que nos suelen hacer. Bienvenidx a The High Class Barcelona.","og_url":"https:\/\/thehighclassbcn.com\/it\/faqs-domande-frequenti\/","og_site_name":"The High Class","article_modified_time":"2025-08-12T15:02:11+00:00","og_image":[{"width":956,"height":609,"url":"https:\/\/thehighclassbcn.com\/wp-content\/uploads\/2022\/10\/MG_4411-h-1.jpg","type":"image\/jpeg"}],"twitter_card":"summary_large_image","twitter_misc":{"Tempo di lettura stimato":"3 minuti"},"schema":{"@context":"https:\/\/schema.org","@graph":[{"@type":"WebPage","@id":"https:\/\/thehighclassbcn.com\/faqs-preguntas-frecuentes\/","url":"https:\/\/thehighclassbcn.com\/faqs-preguntas-frecuentes\/","name":"Domande frequenti - La Classe Alta","isPartOf":{"@id":"https:\/\/thehighclassbcn.com\/#website"},"primaryImageOfPage":{"@id":"https:\/\/thehighclassbcn.com\/faqs-preguntas-frecuentes\/#primaryimage"},"image":{"@id":"https:\/\/thehighclassbcn.com\/faqs-preguntas-frecuentes\/#primaryimage"},"thumbnailUrl":"https:\/\/thehighclassbcn.com\/wp-content\/uploads\/2022\/10\/MG_4411-h-1.jpg","datePublished":"2022-03-17T05:48:43+00:00","dateModified":"2025-08-12T15:02:11+00:00","description":"FAQ, note anche come Domande Frequenti. Qui troverete le risposte alle domande che ci vengono spesso poste. Benvenuti a The High Class Barcelona.","breadcrumb":{"@id":"https:\/\/thehighclassbcn.com\/faqs-preguntas-frecuentes\/#breadcrumb"},"inLanguage":"it-IT","potentialAction":[{"@type":"ReadAction","target":["https:\/\/thehighclassbcn.com\/faqs-preguntas-frecuentes\/"]}]},{"@type":"ImageObject","inLanguage":"it-IT","@id":"https:\/\/thehighclassbcn.com\/faqs-preguntas-frecuentes\/#primaryimage","url":"https:\/\/thehighclassbcn.com\/wp-content\/uploads\/2022\/10\/MG_4411-h-1.jpg","contentUrl":"https:\/\/thehighclassbcn.com\/wp-content\/uploads\/2022\/10\/MG_4411-h-1.jpg","width":956,"height":609},{"@type":"BreadcrumbList","@id":"https:\/\/thehighclassbcn.com\/faqs-preguntas-frecuentes\/#breadcrumb","itemListElement":[{"@type":"ListItem","position":1,"name":"Home","item":"https:\/\/thehighclassbcn.com\/"},{"@type":"ListItem","position":2,"name":"FAQs"}]},{"@type":"WebSite","@id":"https:\/\/thehighclassbcn.com\/#website","url":"https:\/\/thehighclassbcn.com\/","name":"Il Bcn di alta classe","description":"","publisher":{"@id":"https:\/\/thehighclassbcn.com\/#organization"},"potentialAction":[{"@type":"SearchAction","target":{"@type":"EntryPoint","urlTemplate":"https:\/\/thehighclassbcn.com\/?s={search_term_string}"},"query-input":{"@type":"PropertyValueSpecification","valueRequired":true,"valueName":"search_term_string"}}],"inLanguage":"it-IT"},{"@type":"Organization","@id":"https:\/\/thehighclassbcn.com\/#organization","name":"Il Bcn di alta classe","alternateName":"The High Class Bcn","url":"https:\/\/thehighclassbcn.com\/","logo":{"@type":"ImageObject","inLanguage":"it-IT","@id":"https:\/\/thehighclassbcn.com\/#\/schema\/logo\/image\/","url":"https:\/\/thehighclassbcn.com\/wp-content\/uploads\/2024\/06\/C6F66C31-1F1C-4492-8C5A-C0E841FA0049.webp","contentUrl":"https:\/\/thehighclassbcn.com\/wp-content\/uploads\/2024\/06\/C6F66C31-1F1C-4492-8C5A-C0E841FA0049.webp","width":2560,"height":1810,"caption":"The High Class Bcn"},"image":{"@id":"https:\/\/thehighclassbcn.com\/#\/schema\/logo\/image\/"}}]}},"_links":{"self":[{"href":"https:\/\/thehighclassbcn.com\/it\/wp-json\/wp\/v2\/pages\/1045","targetHints":{"allow":["GET"]}}],"collection":[{"href":"https:\/\/thehighclassbcn.com\/it\/wp-json\/wp\/v2\/pages"}],"about":[{"href":"https:\/\/thehighclassbcn.com\/it\/wp-json\/wp\/v2\/types\/page"}],"author":[{"embeddable":true,"href":"https:\/\/thehighclassbcn.com\/it\/wp-json\/wp\/v2\/users\/3"}],"replies":[{"embeddable":true,"href":"https:\/\/thehighclassbcn.com\/it\/wp-json\/wp\/v2\/comments?post=1045"}],"version-history":[{"count":12,"href":"https:\/\/thehighclassbcn.com\/it\/wp-json\/wp\/v2\/pages\/1045\/revisions"}],"predecessor-version":[{"id":46739,"href":"https:\/\/thehighclassbcn.com\/it\/wp-json\/wp\/v2\/pages\/1045\/revisions\/46739"}],"wp:featuredmedia":[{"embeddable":true,"href":"https:\/\/thehighclassbcn.com\/it\/wp-json\/wp\/v2\/media\/3514"}],"wp:attachment":[{"href":"https:\/\/thehighclassbcn.com\/it\/wp-json\/wp\/v2\/media?parent=1045"}],"curies":[{"name":"wp","href":"https:\/\/api.w.org\/{rel}","templated":true}]}}