{"id":8026,"date":"2023-06-25T17:28:17","date_gmt":"2023-06-25T15:28:17","guid":{"rendered":"https:\/\/thehighclassbcn.com\/?page_id=8026"},"modified":"2024-09-04T18:18:36","modified_gmt":"2024-09-04T16:18:36","slug":"why-the-high-class-2","status":"publish","type":"page","link":"https:\/\/thehighclassbcn.com\/en\/why-the-high-class-2\/","title":{"rendered":"Why The High Class?"},"content":{"rendered":"<div data-elementor-type=\"wp-page\" data-elementor-id=\"8026\" class=\"elementor elementor-8026\" data-elementor-settings=\"{&quot;element_pack_global_tooltip_width&quot;:{&quot;unit&quot;:&quot;px&quot;,&quot;size&quot;:&quot;&quot;,&quot;sizes&quot;:[]},&quot;element_pack_global_tooltip_width_tablet&quot;:{&quot;unit&quot;:&quot;px&quot;,&quot;size&quot;:&quot;&quot;,&quot;sizes&quot;:[]},&quot;element_pack_global_tooltip_width_mobile&quot;:{&quot;unit&quot;:&quot;px&quot;,&quot;size&quot;:&quot;&quot;,&quot;sizes&quot;:[]},&quot;element_pack_global_tooltip_padding&quot;:{&quot;unit&quot;:&quot;px&quot;,&quot;top&quot;:&quot;&quot;,&quot;right&quot;:&quot;&quot;,&quot;bottom&quot;:&quot;&quot;,&quot;left&quot;:&quot;&quot;,&quot;isLinked&quot;:true},&quot;element_pack_global_tooltip_padding_tablet&quot;:{&quot;unit&quot;:&quot;px&quot;,&quot;top&quot;:&quot;&quot;,&quot;right&quot;:&quot;&quot;,&quot;bottom&quot;:&quot;&quot;,&quot;left&quot;:&quot;&quot;,&quot;isLinked&quot;:true},&quot;element_pack_global_tooltip_padding_mobile&quot;:{&quot;unit&quot;:&quot;px&quot;,&quot;top&quot;:&quot;&quot;,&quot;right&quot;:&quot;&quot;,&quot;bottom&quot;:&quot;&quot;,&quot;left&quot;:&quot;&quot;,&quot;isLinked&quot;:true},&quot;element_pack_global_tooltip_border_radius&quot;:{&quot;unit&quot;:&quot;px&quot;,&quot;top&quot;:&quot;&quot;,&quot;right&quot;:&quot;&quot;,&quot;bottom&quot;:&quot;&quot;,&quot;left&quot;:&quot;&quot;,&quot;isLinked&quot;:true},&quot;element_pack_global_tooltip_border_radius_tablet&quot;:{&quot;unit&quot;:&quot;px&quot;,&quot;top&quot;:&quot;&quot;,&quot;right&quot;:&quot;&quot;,&quot;bottom&quot;:&quot;&quot;,&quot;left&quot;:&quot;&quot;,&quot;isLinked&quot;:true},&quot;element_pack_global_tooltip_border_radius_mobile&quot;:{&quot;unit&quot;:&quot;px&quot;,&quot;top&quot;:&quot;&quot;,&quot;right&quot;:&quot;&quot;,&quot;bottom&quot;:&quot;&quot;,&quot;left&quot;:&quot;&quot;,&quot;isLinked&quot;:true}}\" data-elementor-post-type=\"page\">\n\t\t\t\t\t\t<section class=\"elementor-section elementor-top-section elementor-element elementor-element-637bee2f elementor-section-boxed elementor-section-height-default elementor-section-height-default\" data-id=\"637bee2f\" data-element_type=\"section\" data-e-type=\"section\">\n\t\t\t\t\t\t<div class=\"elementor-container elementor-column-gap-default\">\n\t\t\t\t\t<div class=\"elementor-column elementor-col-50 elementor-top-column elementor-element elementor-element-44c82623\" data-id=\"44c82623\" data-element_type=\"column\" data-e-type=\"column\">\n\t\t\t<div class=\"elementor-widget-wrap elementor-element-populated\">\n\t\t\t\t\t\t<div class=\"elementor-element elementor-element-49e8a453 ui-e-a-animate elementor-invisible elementor-widget elementor-widget-highlighted-text\" data-id=\"49e8a453\" data-element_type=\"widget\" data-e-type=\"widget\" data-settings=\"{&quot;_animation&quot;:&quot;fadeInUp&quot;}\" data-widget_type=\"highlighted-text.default\">\n\t\t\t\t<div class=\"elementor-widget-container\">\n\t\t\t\t\t\t\t<h2 class=\"ui-e--highlighted-text\" >\r\n        <span class=\"ui-e-headline-text\">THE HIGH CLASS LIKE YOU<\/span><span class=\"whitespace\"> <\/span><span class=\"ui-e-headline-text ui-e-headline-stroke2\">\r\n\t\t\t\t\t\t\t<span class=\"ui-e-headline-text ui-e-headline-highlighted\"> CANNABIS ASSOCIATION<\/span><span class=\"uicore-svg-wrapper\"><svg xmlns=\"http:\/\/www.w3.org\/2000\/svg\" viewbox=\"0 0 500 150\" preserveaspectratio=\"none\"><path d='M479,122c-13.3-1-26.8-1-40.4-2.3c-31.8-1.2-63.7,0.4-95.3,0.6c-38.5,1.5-77,2.3-115.5,5.2\t\t\t\tc-41.6,1.2-83.3,5-124.9,5.2c-5.4,0.4-11,1-16.4,0.8c-21.9-0.4-44.1,1.9-65.6-3.5'\/><\/svg><\/span><\/span><span class=\"whitespace\"> <\/span><span class=\"whitespace\"> <\/span><span class=\"ui-e-headline-text ui-e-headline-stroke2\">\r\n\t\t\t\t\t\t\t<span class=\"ui-e-headline-text ui-e-headline-highlighted\">IN BARCELONA?<\/span><span class=\"uicore-svg-wrapper\"><svg xmlns=\"http:\/\/www.w3.org\/2000\/svg\" viewbox=\"0 0 500 150\" preserveaspectratio=\"none\"><path d='M479,122c-13.3-1-26.8-1-40.4-2.3c-31.8-1.2-63.7,0.4-95.3,0.6c-38.5,1.5-77,2.3-115.5,5.2\t\t\t\tc-41.6,1.2-83.3,5-124.9,5.2c-5.4,0.4-11,1-16.4,0.8c-21.9-0.4-44.1,1.9-65.6-3.5'\/><\/svg><\/span><\/span><span class=\"whitespace\"> <\/span>        <\/h2>\r\n        \t\t\t\t<\/div>\n\t\t\t\t<\/div>\n\t\t\t\t<div class=\"elementor-element elementor-element-2152443b elementor-widget elementor-widget-spacer\" data-id=\"2152443b\" data-element_type=\"widget\" data-e-type=\"widget\" data-widget_type=\"spacer.default\">\n\t\t\t\t<div class=\"elementor-widget-container\">\n\t\t\t\t\t\t\t<div class=\"elementor-spacer\">\n\t\t\t<div class=\"elementor-spacer-inner\"><\/div>\n\t\t<\/div>\n\t\t\t\t\t\t<\/div>\n\t\t\t\t<\/div>\n\t\t\t\t<div class=\"elementor-element elementor-element-1f230aa0 elementor-invisible elementor-widget elementor-widget-text-editor\" data-id=\"1f230aa0\" data-element_type=\"widget\" data-e-type=\"widget\" data-settings=\"{&quot;_animation&quot;:&quot;fadeInUp&quot;}\" data-widget_type=\"text-editor.default\">\n\t\t\t\t<div class=\"elementor-widget-container\">\n\t\t\t\t\t\t\t\t\t<p><span style=\"font-size: inherit; color: var(--uicore-typography--p-c,'#070707'); font-family: var(--uicore-typography--p-f,'Inter'); font-style: var(--uicore-typography--p-st,'normal'); font-weight: var(--uicore-typography--p-w,'600'); letter-spacing: var(--uicore-typography--p-ls,'-0.027em'); text-transform: var(--uicore-typography--p-t,'none');\">In our facilities you will be able to taste products selected by highly qualified experts in the sector.<\/span><\/p><p>We have a <em>Dab Station<\/em> where you can see a press available to members, a gallery in constant renovation with unique pieces of blown glass, as well as a wide variety of pipes, rigs and bongs that will make your tasting an experience.<\/p>\t\t\t\t\t\t\t\t<\/div>\n\t\t\t\t<\/div>\n\t\t\t\t<div class=\"elementor-element elementor-element-6ac2c815 elementor-widget elementor-widget-image\" data-id=\"6ac2c815\" data-element_type=\"widget\" data-e-type=\"widget\" data-widget_type=\"image.default\">\n\t\t\t\t<div class=\"elementor-widget-container\">\n\t\t\t\t\t\t\t\t\t\t\t\t\t\t\t<img fetchpriority=\"high\" decoding=\"async\" width=\"2560\" height=\"1810\" src=\"https:\/\/thehighclassbcn.com\/wp-content\/uploads\/2024\/06\/C6F66C31-1F1C-4492-8C5A-C0E841FA0049.webp\" class=\"attachment-full size-full wp-image-16087\" alt=\"\" srcset=\"https:\/\/thehighclassbcn.com\/wp-content\/uploads\/2024\/06\/C6F66C31-1F1C-4492-8C5A-C0E841FA0049.webp 2560w, https:\/\/thehighclassbcn.com\/wp-content\/uploads\/2024\/06\/C6F66C31-1F1C-4492-8C5A-C0E841FA0049-300x212.webp 300w, https:\/\/thehighclassbcn.com\/wp-content\/uploads\/2024\/06\/C6F66C31-1F1C-4492-8C5A-C0E841FA0049-1024x724.webp 1024w, https:\/\/thehighclassbcn.com\/wp-content\/uploads\/2024\/06\/C6F66C31-1F1C-4492-8C5A-C0E841FA0049-768x543.webp 768w, https:\/\/thehighclassbcn.com\/wp-content\/uploads\/2024\/06\/C6F66C31-1F1C-4492-8C5A-C0E841FA0049-1536x1086.webp 1536w, https:\/\/thehighclassbcn.com\/wp-content\/uploads\/2024\/06\/C6F66C31-1F1C-4492-8C5A-C0E841FA0049-2048x1448.webp 2048w, https:\/\/thehighclassbcn.com\/wp-content\/uploads\/2024\/06\/C6F66C31-1F1C-4492-8C5A-C0E841FA0049-18x12.webp 18w, https:\/\/thehighclassbcn.com\/wp-content\/uploads\/2024\/06\/C6F66C31-1F1C-4492-8C5A-C0E841FA0049-650x460.webp 650w\" sizes=\"(max-width: 2560px) 100vw, 2560px\" \/>\t\t\t\t\t\t\t\t\t\t\t\t\t\t\t<\/div>\n\t\t\t\t<\/div>\n\t\t\t\t\t<\/div>\n\t\t<\/div>\n\t\t\t\t<div class=\"elementor-column elementor-col-50 elementor-top-column elementor-element elementor-element-db8c46d\" data-id=\"db8c46d\" data-element_type=\"column\" data-e-type=\"column\">\n\t\t\t<div class=\"elementor-widget-wrap elementor-element-populated\">\n\t\t\t\t\t\t<div class=\"elementor-element elementor-element-7bfc3f8d elementor-position-left bdt-icon-type-icon elementor-vertical-align-top bdt-icon-effect-none elementor-invisible elementor-widget elementor-widget-bdt-advanced-icon-box\" data-id=\"7bfc3f8d\" data-element_type=\"widget\" data-e-type=\"widget\" data-settings=\"{&quot;_animation&quot;:&quot;fadeInUp&quot;,&quot;_animation_delay&quot;:300}\" data-widget_type=\"bdt-advanced-icon-box.default\">\n\t\t\t\t<div class=\"elementor-widget-container\">\n\t\t\t\t\t\t\t<div class=\"bdt-ep-advanced-icon-box\">\n\n\t\t\t\t\t\t\t\n\t\t\t\t\t<div class=\"bdt-ep-advanced-icon-box-icon\">\n\t\t\t\t<span class=\"bdt-ep-advanced-icon-box-icon-wrap\">\n\n\n\t\t\t\t\t\n\t\t\t\t\t\t<i aria-hidden=\"true\" class=\"fas fa-people-arrows\"><\/i>\n\n\t\t\t\t\t\t\t\t\t<\/span>\n\t\t\t<\/div>\n\t\t\n\t\t\t\t\n\t\t\t<div class=\"bdt-ep-advanced-icon-box-content\">\n\n\t\t\t\t\t\t\t\t\t\n\t\t\t\t\t<h6 class=\"bdt-ep-advanced-icon-box-title ep-title-\">\n\t\t\t\t<span >\n\t\t\t\t\tTHE COMMUNITY THAT UNITES US\t\t\t\t<\/span>\n\t\t\t<\/h6>\n\t\t\n\n\t\t\n\t\t\t\t\t\n\t\t\t\t\n\t\t\t\t\t\t\t\t\t<div class=\"bdt-ep-advanced-icon-box-description\">\n\t\t\t\t\t\tThe sense of community among our members is a value to be highlighted, we like the personalised and fluid treatment.\t\t\t\t\t<\/div>\n\t\t\t\t\n\t\t\t\t\t\t\t<\/div>\n\t\t<\/div>\n\n\t\t\n\t\t\n\t\t\t\t<\/div>\n\t\t\t\t<\/div>\n\t\t\t\t<div class=\"elementor-element elementor-element-33d9fb91 elementor-position-left bdt-icon-type-icon elementor-vertical-align-top bdt-icon-effect-none elementor-invisible elementor-widget elementor-widget-bdt-advanced-icon-box\" data-id=\"33d9fb91\" data-element_type=\"widget\" data-e-type=\"widget\" data-settings=\"{&quot;_animation&quot;:&quot;fadeInUp&quot;,&quot;_animation_delay&quot;:300}\" data-widget_type=\"bdt-advanced-icon-box.default\">\n\t\t\t\t<div class=\"elementor-widget-container\">\n\t\t\t\t\t\t\t<div class=\"bdt-ep-advanced-icon-box\">\n\n\t\t\t\t\t\t\t\n\t\t\t\t\t<div class=\"bdt-ep-advanced-icon-box-icon\">\n\t\t\t\t<span class=\"bdt-ep-advanced-icon-box-icon-wrap\">\n\n\n\t\t\t\t\t\n\t\t\t\t\t\t<i aria-hidden=\"true\" class=\"far fa-heart\"><\/i>\n\n\t\t\t\t\t\t\t\t\t<\/span>\n\t\t\t<\/div>\n\t\t\n\t\t\t\t\n\t\t\t<div class=\"bdt-ep-advanced-icon-box-content\">\n\n\t\t\t\t\t\t\t\t\t\n\t\t\t\t\t<h6 class=\"bdt-ep-advanced-icon-box-title ep-title-\">\n\t\t\t\t<span >\n\t\t\t\t\tDIVERSITY OF ENCOUNTERS\t\t\t\t<\/span>\n\t\t\t<\/h6>\n\t\t\n\n\t\t\n\t\t\t\t\t\n\t\t\t\t\n\t\t\t\t\t\t\t\t\t<div class=\"bdt-ep-advanced-icon-box-description\">\n\t\t\t\t\t\tWe also have regular events where you can learn about leading brands and products in the industry, as well as enjoy our variety of fun and educational activities.\t\t\t\t\t<\/div>\n\t\t\t\t\n\t\t\t\t\t\t\t<\/div>\n\t\t<\/div>\n\n\t\t\n\t\t\n\t\t\t\t<\/div>\n\t\t\t\t<\/div>\n\t\t\t\t<div class=\"elementor-element elementor-element-76787382 elementor-position-left bdt-icon-type-icon elementor-vertical-align-top bdt-icon-effect-none elementor-invisible elementor-widget elementor-widget-bdt-advanced-icon-box\" data-id=\"76787382\" data-element_type=\"widget\" data-e-type=\"widget\" data-settings=\"{&quot;_animation&quot;:&quot;fadeInUp&quot;,&quot;_animation_delay&quot;:300}\" data-widget_type=\"bdt-advanced-icon-box.default\">\n\t\t\t\t<div class=\"elementor-widget-container\">\n\t\t\t\t\t\t\t<div class=\"bdt-ep-advanced-icon-box\">\n\n\t\t\t\t\t\t\t\n\t\t\t\t\t<div class=\"bdt-ep-advanced-icon-box-icon\">\n\t\t\t\t<span class=\"bdt-ep-advanced-icon-box-icon-wrap\">\n\n\n\t\t\t\t\t\n\t\t\t\t\t\t<i aria-hidden=\"true\" class=\"fas fa-people-carry\"><\/i>\n\n\t\t\t\t\t\t\t\t\t<\/span>\n\t\t\t<\/div>\n\t\t\n\t\t\t\t\n\t\t\t<div class=\"bdt-ep-advanced-icon-box-content\">\n\n\t\t\t\t\t\t\t\t\t\n\t\t\t\t\t<h6 class=\"bdt-ep-advanced-icon-box-title ep-title-\">\n\t\t\t\t<span >\n\t\t\t\t\tTHE QUALITY YOU DESERVE\t\t\t\t<\/span>\n\t\t\t<\/h6>\n\t\t\n\n\t\t\n\t\t\t\t\t\n\t\t\t\t\n\t\t\t\t\t\t\t\t\t<div class=\"bdt-ep-advanced-icon-box-description\">\n\t\t\t\t\t\tGuaranteeing the quality of our products is as much a priority for us as the cannabis culture we propagate within the club.\t\t\t\t\t<\/div>\n\t\t\t\t\n\t\t\t\t\t\t\t<\/div>\n\t\t<\/div>\n\n\t\t\n\t\t\n\t\t\t\t<\/div>\n\t\t\t\t<\/div>\n\t\t\t\t\t<\/div>\n\t\t<\/div>\n\t\t\t\t\t<\/div>\n\t\t<\/section>\n\t\t\t\t<div class=\"elementor-section elementor-top-section elementor-element elementor-element-a47144a elementor-section-stretched elementor-section-boxed elementor-section-height-default elementor-section-height-default\" data-id=\"a47144a\" data-element_type=\"section\" data-e-type=\"section\" data-settings=\"{&quot;stretch_section&quot;:&quot;section-stretched&quot;,&quot;background_background&quot;:&quot;classic&quot;}\">\n\t\t\t\t\t\t\t<div class=\"elementor-background-overlay\"><\/div>\n\t\t\t\t\t\t\t<div class=\"elementor-container elementor-column-gap-default\">\n\t\t\t\t\t<div class=\"elementor-column elementor-col-100 elementor-top-column elementor-element elementor-element-27101bc\" data-id=\"27101bc\" data-element_type=\"column\" data-e-type=\"column\">\n\t\t\t<div class=\"elementor-widget-wrap elementor-element-populated\">\n\t\t\t\t\t\t<div class=\"elementor-section elementor-inner-section elementor-element elementor-element-db99911 elementor-section-boxed elementor-section-height-default elementor-section-height-default\" data-id=\"db99911\" data-element_type=\"section\" data-e-type=\"section\">\n\t\t\t\t\t\t<div class=\"elementor-container elementor-column-gap-default\">\n\t\t\t\t\t<div class=\"elementor-column elementor-col-33 elementor-inner-column elementor-element elementor-element-4d894a1\" data-id=\"4d894a1\" data-element_type=\"column\" data-e-type=\"column\">\n\t\t\t<div class=\"elementor-widget-wrap\">\n\t\t\t\t\t\t\t<\/div>\n\t\t<\/div>\n\t\t\t\t<div class=\"elementor-column elementor-col-33 elementor-inner-column elementor-element elementor-element-e2582ad\" data-id=\"e2582ad\" data-element_type=\"column\" data-e-type=\"column\">\n\t\t\t<div class=\"elementor-widget-wrap elementor-element-populated\">\n\t\t\t\t\t\t<div class=\"elementor-element elementor-element-69446d6 elementor-widget elementor-widget-heading\" data-id=\"69446d6\" data-element_type=\"widget\" data-e-type=\"widget\" data-widget_type=\"heading.default\">\n\t\t\t\t<div class=\"elementor-widget-container\">\n\t\t\t\t\t<h2 class=\"elementor-heading-title elementor-size-default\">JOIN OUR PRIVATE CLUB IN BARCELONA<\/h2>\t\t\t\t<\/div>\n\t\t\t\t<\/div>\n\t\t\t\t<div class=\"elementor-element elementor-element-f6927c4 elementor-widget elementor-widget-heading\" data-id=\"f6927c4\" data-element_type=\"widget\" data-e-type=\"widget\" data-widget_type=\"heading.default\">\n\t\t\t\t<div class=\"elementor-widget-container\">\n\t\t\t\t\t<p class=\"elementor-heading-title elementor-size-default\"> #HIGHEXPERIENCE<\/p>\t\t\t\t<\/div>\n\t\t\t\t<\/div>\n\t\t\t\t<div class=\"elementor-element elementor-element-58c69d3 elementor-widget elementor-widget-heading\" data-id=\"58c69d3\" data-element_type=\"widget\" data-e-type=\"widget\" data-widget_type=\"heading.default\">\n\t\t\t\t<div class=\"elementor-widget-container\">\n\t\t\t\t\t<p class=\"elementor-heading-title elementor-size-default\">To access our weed club in Barcelona, you need to be a member. Fill in the form and when we have vacancies, we will inform you.<\/p>\t\t\t\t<\/div>\n\t\t\t\t<\/div>\n\t\t\t\t<div class=\"elementor-element elementor-element-47407fd elementor-align-center elementor-widget elementor-widget-button\" data-id=\"47407fd\" data-element_type=\"widget\" data-e-type=\"widget\" data-widget_type=\"button.default\">\n\t\t\t\t<div class=\"elementor-widget-container\">\n\t\t\t\t\t\t\t\t\t<div class=\"elementor-button-wrapper\">\n\t\t\t\t\t<a class=\"elementor-button elementor-button-link elementor-size-sm\" href=\"\/en\/membership\/\">\n\t\t\t\t\t\t<span class=\"elementor-button-content-wrapper\">\n\t\t\t\t\t\t<span class=\"elementor-button-icon\">\n\t\t\t\t<i aria-hidden=\"true\" class=\"fas fa-arrow-right\"><\/i>\t\t\t<\/span>\n\t\t\t\t\t\t\t\t\t<span class=\"elementor-button-text\">I WANT TO BECOME A MEMBER<\/span>\n\t\t\t\t\t<\/span>\n\t\t\t\t\t<\/a>\n\t\t\t\t<\/div>\n\t\t\t\t\t\t\t\t<\/div>\n\t\t\t\t<\/div>\n\t\t\t\t\t<\/div>\n\t\t<\/div>\n\t\t\t\t<div class=\"elementor-column elementor-col-33 elementor-inner-column elementor-element elementor-element-5d55c95\" data-id=\"5d55c95\" data-element_type=\"column\" data-e-type=\"column\">\n\t\t\t<div class=\"elementor-widget-wrap\">\n\t\t\t\t\t\t\t<\/div>\n\t\t<\/div>\n\t\t\t\t\t<\/div>\n\t\t<\/div>\n\t\t\t\t\t<\/div>\n\t\t<\/div>\n\t\t\t\t\t<\/div>\n\t\t<\/div>\n\t\t\t\t<\/div>","protected":false},"excerpt":{"rendered":"<p>\u00bfTHE HIGH CLASS COMO TU ASOCIACI\u00d3N DE CANNABIS EN BARCELONA? En nuestras instalaciones podr\u00e1s degustar productos seleccionados por expertos altamente cualificados del sector. Tenemos una Dab Station donde podr\u00e1s ver una prensa para disposici\u00f3n de [&hellip;]<\/p>\n","protected":false},"author":3,"featured_media":0,"parent":0,"menu_order":0,"comment_status":"closed","ping_status":"closed","template":"","meta":{"_joinchat":[],"footnotes":""},"class_list":["post-8026","page","type-page","status-publish","hentry"],"yoast_head":"<!-- This site is optimized with the Yoast SEO plugin v27.1.1 - https:\/\/yoast.com\/product\/yoast-seo-wordpress\/ -->\n<title>\u00bfPor qu\u00e9 The High Class? &#8226; The High Class<\/title>\n<meta name=\"description\" content=\"\u00bfTHE HIGH CLASS COMO TU ASOCIACI\u00d3N DE CANNABIS EN BARCELONA? En nuestras instalaciones podr\u00e1s degustar productos seleccionados por expertos altamente\" \/>\n<meta name=\"robots\" content=\"index, follow, max-snippet:-1, max-image-preview:large, max-video-preview:-1\" \/>\n<link rel=\"canonical\" href=\"https:\/\/thehighclassbcn.com\/en\/why-the-high-class-2\/\" \/>\n<meta property=\"og:locale\" content=\"en_GB\" \/>\n<meta property=\"og:type\" content=\"article\" \/>\n<meta property=\"og:title\" content=\"\u00bfPor qu\u00e9 The High Class? &#8226; The High Class\" \/>\n<meta property=\"og:description\" content=\"\u00bfTHE HIGH CLASS COMO TU ASOCIACI\u00d3N DE CANNABIS EN BARCELONA? En nuestras instalaciones podr\u00e1s degustar productos seleccionados por expertos altamente\" \/>\n<meta property=\"og:url\" content=\"https:\/\/thehighclassbcn.com\/en\/why-the-high-class-2\/\" \/>\n<meta property=\"og:site_name\" content=\"The High Class\" \/>\n<meta property=\"article:modified_time\" content=\"2024-09-04T16:18:36+00:00\" \/>\n<meta property=\"og:image\" content=\"https:\/\/thehighclassbcn.com\/wp-content\/uploads\/2024\/06\/C6F66C31-1F1C-4492-8C5A-C0E841FA0049.webp\" \/>\n<meta name=\"twitter:card\" content=\"summary_large_image\" \/>\n<meta name=\"twitter:label1\" content=\"Estimated reading time\" \/>\n\t<meta name=\"twitter:data1\" content=\"2 minutes\" \/>\n<script type=\"application\/ld+json\" class=\"yoast-schema-graph\">{\"@context\":\"https:\/\/schema.org\",\"@graph\":[{\"@type\":\"WebPage\",\"@id\":\"https:\/\/thehighclassbcn.com\/por-que-the-high-class\/\",\"url\":\"https:\/\/thehighclassbcn.com\/por-que-the-high-class\/\",\"name\":\"\u00bfPor qu\u00e9 The High Class? &#8226; The High Class\",\"isPartOf\":{\"@id\":\"https:\/\/thehighclassbcn.com\/#website\"},\"primaryImageOfPage\":{\"@id\":\"https:\/\/thehighclassbcn.com\/por-que-the-high-class\/#primaryimage\"},\"image\":{\"@id\":\"https:\/\/thehighclassbcn.com\/por-que-the-high-class\/#primaryimage\"},\"thumbnailUrl\":\"https:\/\/thehighclassbcn.com\/wp-content\/uploads\/2024\/06\/C6F66C31-1F1C-4492-8C5A-C0E841FA0049.webp\",\"datePublished\":\"2023-06-25T15:28:17+00:00\",\"dateModified\":\"2024-09-04T16:18:36+00:00\",\"description\":\"\u00bfTHE HIGH CLASS COMO TU ASOCIACI\u00d3N DE CANNABIS EN BARCELONA? En nuestras instalaciones podr\u00e1s degustar productos seleccionados por expertos altamente\",\"breadcrumb\":{\"@id\":\"https:\/\/thehighclassbcn.com\/por-que-the-high-class\/#breadcrumb\"},\"inLanguage\":\"en-GB\",\"potentialAction\":[{\"@type\":\"ReadAction\",\"target\":[\"https:\/\/thehighclassbcn.com\/por-que-the-high-class\/\"]}]},{\"@type\":\"ImageObject\",\"inLanguage\":\"en-GB\",\"@id\":\"https:\/\/thehighclassbcn.com\/por-que-the-high-class\/#primaryimage\",\"url\":\"https:\/\/thehighclassbcn.com\/wp-content\/uploads\/2024\/06\/C6F66C31-1F1C-4492-8C5A-C0E841FA0049.webp\",\"contentUrl\":\"https:\/\/thehighclassbcn.com\/wp-content\/uploads\/2024\/06\/C6F66C31-1F1C-4492-8C5A-C0E841FA0049.webp\"},{\"@type\":\"BreadcrumbList\",\"@id\":\"https:\/\/thehighclassbcn.com\/por-que-the-high-class\/#breadcrumb\",\"itemListElement\":[{\"@type\":\"ListItem\",\"position\":1,\"name\":\"Home\",\"item\":\"https:\/\/thehighclassbcn.com\/\"},{\"@type\":\"ListItem\",\"position\":2,\"name\":\"\u00bfPor qu\u00e9 The High Class?\"}]},{\"@type\":\"WebSite\",\"@id\":\"https:\/\/thehighclassbcn.com\/#website\",\"url\":\"https:\/\/thehighclassbcn.com\/\",\"name\":\"The High Class Bcn\",\"description\":\"\",\"publisher\":{\"@id\":\"https:\/\/thehighclassbcn.com\/#organization\"},\"potentialAction\":[{\"@type\":\"SearchAction\",\"target\":{\"@type\":\"EntryPoint\",\"urlTemplate\":\"https:\/\/thehighclassbcn.com\/?s={search_term_string}\"},\"query-input\":{\"@type\":\"PropertyValueSpecification\",\"valueRequired\":true,\"valueName\":\"search_term_string\"}}],\"inLanguage\":\"en-GB\"},{\"@type\":\"Organization\",\"@id\":\"https:\/\/thehighclassbcn.com\/#organization\",\"name\":\"The High Class Bcn\",\"alternateName\":\"The High Class Bcn\",\"url\":\"https:\/\/thehighclassbcn.com\/\",\"logo\":{\"@type\":\"ImageObject\",\"inLanguage\":\"en-GB\",\"@id\":\"https:\/\/thehighclassbcn.com\/#\/schema\/logo\/image\/\",\"url\":\"https:\/\/thehighclassbcn.com\/wp-content\/uploads\/2024\/06\/C6F66C31-1F1C-4492-8C5A-C0E841FA0049.webp\",\"contentUrl\":\"https:\/\/thehighclassbcn.com\/wp-content\/uploads\/2024\/06\/C6F66C31-1F1C-4492-8C5A-C0E841FA0049.webp\",\"width\":2560,\"height\":1810,\"caption\":\"The High Class Bcn\"},\"image\":{\"@id\":\"https:\/\/thehighclassbcn.com\/#\/schema\/logo\/image\/\"}}]}<\/script>\n<!-- \/ Yoast SEO plugin. -->","yoast_head_json":{"title":"Why The High Class? - The High Class","description":"THE HIGH CLASS AS YOUR CANNABIS ASSOCIATION IN BARCELONA? In our facilities you will be able to taste products selected by highly qualified experts.","robots":{"index":"index","follow":"follow","max-snippet":"max-snippet:-1","max-image-preview":"max-image-preview:large","max-video-preview":"max-video-preview:-1"},"canonical":"https:\/\/thehighclassbcn.com\/en\/why-the-high-class-2\/","og_locale":"en_GB","og_type":"article","og_title":"\u00bfPor qu\u00e9 The High Class? &#8226; The High Class","og_description":"\u00bfTHE HIGH CLASS COMO TU ASOCIACI\u00d3N DE CANNABIS EN BARCELONA? En nuestras instalaciones podr\u00e1s degustar productos seleccionados por expertos altamente","og_url":"https:\/\/thehighclassbcn.com\/en\/why-the-high-class-2\/","og_site_name":"The High Class","article_modified_time":"2024-09-04T16:18:36+00:00","og_image":[{"url":"https:\/\/thehighclassbcn.com\/wp-content\/uploads\/2024\/06\/C6F66C31-1F1C-4492-8C5A-C0E841FA0049.webp","type":"","width":"","height":""}],"twitter_card":"summary_large_image","twitter_misc":{"Estimated reading time":"2 minutes"},"schema":{"@context":"https:\/\/schema.org","@graph":[{"@type":"WebPage","@id":"https:\/\/thehighclassbcn.com\/por-que-the-high-class\/","url":"https:\/\/thehighclassbcn.com\/por-que-the-high-class\/","name":"Why The High Class? - The High Class","isPartOf":{"@id":"https:\/\/thehighclassbcn.com\/#website"},"primaryImageOfPage":{"@id":"https:\/\/thehighclassbcn.com\/por-que-the-high-class\/#primaryimage"},"image":{"@id":"https:\/\/thehighclassbcn.com\/por-que-the-high-class\/#primaryimage"},"thumbnailUrl":"https:\/\/thehighclassbcn.com\/wp-content\/uploads\/2024\/06\/C6F66C31-1F1C-4492-8C5A-C0E841FA0049.webp","datePublished":"2023-06-25T15:28:17+00:00","dateModified":"2024-09-04T16:18:36+00:00","description":"THE HIGH CLASS AS YOUR CANNABIS ASSOCIATION IN BARCELONA? In our facilities you will be able to taste products selected by highly qualified experts.","breadcrumb":{"@id":"https:\/\/thehighclassbcn.com\/por-que-the-high-class\/#breadcrumb"},"inLanguage":"en-GB","potentialAction":[{"@type":"ReadAction","target":["https:\/\/thehighclassbcn.com\/por-que-the-high-class\/"]}]},{"@type":"ImageObject","inLanguage":"en-GB","@id":"https:\/\/thehighclassbcn.com\/por-que-the-high-class\/#primaryimage","url":"https:\/\/thehighclassbcn.com\/wp-content\/uploads\/2024\/06\/C6F66C31-1F1C-4492-8C5A-C0E841FA0049.webp","contentUrl":"https:\/\/thehighclassbcn.com\/wp-content\/uploads\/2024\/06\/C6F66C31-1F1C-4492-8C5A-C0E841FA0049.webp"},{"@type":"BreadcrumbList","@id":"https:\/\/thehighclassbcn.com\/por-que-the-high-class\/#breadcrumb","itemListElement":[{"@type":"ListItem","position":1,"name":"Home","item":"https:\/\/thehighclassbcn.com\/"},{"@type":"ListItem","position":2,"name":"\u00bfPor qu\u00e9 The High Class?"}]},{"@type":"WebSite","@id":"https:\/\/thehighclassbcn.com\/#website","url":"https:\/\/thehighclassbcn.com\/","name":"The High Class Bcn","description":"","publisher":{"@id":"https:\/\/thehighclassbcn.com\/#organization"},"potentialAction":[{"@type":"SearchAction","target":{"@type":"EntryPoint","urlTemplate":"https:\/\/thehighclassbcn.com\/?s={search_term_string}"},"query-input":{"@type":"PropertyValueSpecification","valueRequired":true,"valueName":"search_term_string"}}],"inLanguage":"en-GB"},{"@type":"Organization","@id":"https:\/\/thehighclassbcn.com\/#organization","name":"The High Class Bcn","alternateName":"The High Class Bcn","url":"https:\/\/thehighclassbcn.com\/","logo":{"@type":"ImageObject","inLanguage":"en-GB","@id":"https:\/\/thehighclassbcn.com\/#\/schema\/logo\/image\/","url":"https:\/\/thehighclassbcn.com\/wp-content\/uploads\/2024\/06\/C6F66C31-1F1C-4492-8C5A-C0E841FA0049.webp","contentUrl":"https:\/\/thehighclassbcn.com\/wp-content\/uploads\/2024\/06\/C6F66C31-1F1C-4492-8C5A-C0E841FA0049.webp","width":2560,"height":1810,"caption":"The High Class Bcn"},"image":{"@id":"https:\/\/thehighclassbcn.com\/#\/schema\/logo\/image\/"}}]}},"_links":{"self":[{"href":"https:\/\/thehighclassbcn.com\/en\/wp-json\/wp\/v2\/pages\/8026","targetHints":{"allow":["GET"]}}],"collection":[{"href":"https:\/\/thehighclassbcn.com\/en\/wp-json\/wp\/v2\/pages"}],"about":[{"href":"https:\/\/thehighclassbcn.com\/en\/wp-json\/wp\/v2\/types\/page"}],"author":[{"embeddable":true,"href":"https:\/\/thehighclassbcn.com\/en\/wp-json\/wp\/v2\/users\/3"}],"replies":[{"embeddable":true,"href":"https:\/\/thehighclassbcn.com\/en\/wp-json\/wp\/v2\/comments?post=8026"}],"version-history":[{"count":9,"href":"https:\/\/thehighclassbcn.com\/en\/wp-json\/wp\/v2\/pages\/8026\/revisions"}],"predecessor-version":[{"id":19386,"href":"https:\/\/thehighclassbcn.com\/en\/wp-json\/wp\/v2\/pages\/8026\/revisions\/19386"}],"wp:attachment":[{"href":"https:\/\/thehighclassbcn.com\/en\/wp-json\/wp\/v2\/media?parent=8026"}],"curies":[{"name":"wp","href":"https:\/\/api.w.org\/{rel}","templated":true}]}}