{"id":1045,"date":"2022-03-17T06:48:43","date_gmt":"2022-03-17T05:48:43","guid":{"rendered":"https:\/\/themeim.com\/wp\/sword\/?page_id=1045"},"modified":"2025-08-12T17:02:11","modified_gmt":"2025-08-12T15:02:11","slug":"faqs-frequently-asked-questions-2","status":"publish","type":"page","link":"https:\/\/thehighclassbcn.com\/en\/faqs-frequently-asked-questions-2\/","title":{"rendered":"FAQs"},"content":{"rendered":"<div data-elementor-type=\"wp-page\" data-elementor-id=\"1045\" class=\"elementor elementor-1045\" data-elementor-settings=\"{&quot;element_pack_global_tooltip_width&quot;:{&quot;unit&quot;:&quot;px&quot;,&quot;size&quot;:&quot;&quot;,&quot;sizes&quot;:[]},&quot;element_pack_global_tooltip_width_tablet&quot;:{&quot;unit&quot;:&quot;px&quot;,&quot;size&quot;:&quot;&quot;,&quot;sizes&quot;:[]},&quot;element_pack_global_tooltip_width_mobile&quot;:{&quot;unit&quot;:&quot;px&quot;,&quot;size&quot;:&quot;&quot;,&quot;sizes&quot;:[]},&quot;element_pack_global_tooltip_padding&quot;:{&quot;unit&quot;:&quot;px&quot;,&quot;top&quot;:&quot;&quot;,&quot;right&quot;:&quot;&quot;,&quot;bottom&quot;:&quot;&quot;,&quot;left&quot;:&quot;&quot;,&quot;isLinked&quot;:true},&quot;element_pack_global_tooltip_padding_tablet&quot;:{&quot;unit&quot;:&quot;px&quot;,&quot;top&quot;:&quot;&quot;,&quot;right&quot;:&quot;&quot;,&quot;bottom&quot;:&quot;&quot;,&quot;left&quot;:&quot;&quot;,&quot;isLinked&quot;:true},&quot;element_pack_global_tooltip_padding_mobile&quot;:{&quot;unit&quot;:&quot;px&quot;,&quot;top&quot;:&quot;&quot;,&quot;right&quot;:&quot;&quot;,&quot;bottom&quot;:&quot;&quot;,&quot;left&quot;:&quot;&quot;,&quot;isLinked&quot;:true},&quot;element_pack_global_tooltip_border_radius&quot;:{&quot;unit&quot;:&quot;px&quot;,&quot;top&quot;:&quot;&quot;,&quot;right&quot;:&quot;&quot;,&quot;bottom&quot;:&quot;&quot;,&quot;left&quot;:&quot;&quot;,&quot;isLinked&quot;:true},&quot;element_pack_global_tooltip_border_radius_tablet&quot;:{&quot;unit&quot;:&quot;px&quot;,&quot;top&quot;:&quot;&quot;,&quot;right&quot;:&quot;&quot;,&quot;bottom&quot;:&quot;&quot;,&quot;left&quot;:&quot;&quot;,&quot;isLinked&quot;:true},&quot;element_pack_global_tooltip_border_radius_mobile&quot;:{&quot;unit&quot;:&quot;px&quot;,&quot;top&quot;:&quot;&quot;,&quot;right&quot;:&quot;&quot;,&quot;bottom&quot;:&quot;&quot;,&quot;left&quot;:&quot;&quot;,&quot;isLinked&quot;:true}}\" data-elementor-post-type=\"page\">\n\t\t\t\t\t\t<div class=\"elementor-section elementor-top-section elementor-element elementor-element-471fff4f elementor-section-stretched elementor-section-boxed elementor-section-height-default elementor-section-height-default\" data-id=\"471fff4f\" data-element_type=\"section\" data-e-type=\"section\" data-settings=\"{&quot;stretch_section&quot;:&quot;section-stretched&quot;,&quot;background_background&quot;:&quot;classic&quot;}\">\n\t\t\t\t\t\t<div class=\"elementor-container elementor-column-gap-default\">\n\t\t\t\t\t<div class=\"elementor-column elementor-col-100 elementor-top-column elementor-element elementor-element-6a44ee38\" data-id=\"6a44ee38\" data-element_type=\"column\" data-e-type=\"column\">\n\t\t\t<div class=\"elementor-widget-wrap elementor-element-populated\">\n\t\t\t\t\t\t<section class=\"elementor-section elementor-inner-section elementor-element elementor-element-54fdb369 elementor-section-boxed elementor-section-height-default elementor-section-height-default\" data-id=\"54fdb369\" data-element_type=\"section\" data-e-type=\"section\">\n\t\t\t\t\t\t<div class=\"elementor-container elementor-column-gap-default\">\n\t\t\t\t\t<div class=\"elementor-column elementor-col-100 elementor-inner-column elementor-element elementor-element-f6c4e72\" data-id=\"f6c4e72\" data-element_type=\"column\" data-e-type=\"column\">\n\t\t\t<div class=\"elementor-widget-wrap elementor-element-populated\">\n\t\t\t\t\t\t<div class=\"elementor-element elementor-element-a69bd72 elementor-widget elementor-widget-text-editor\" data-id=\"a69bd72\" data-element_type=\"widget\" data-e-type=\"widget\" data-widget_type=\"text-editor.default\">\n\t\t\t\t<div class=\"elementor-widget-container\">\n\t\t\t\t\t\t\t\t\t<div class=\"faq-item active\"><h3 class=\"faq-title\"><span class=\"title\">What is The High Class Barcelona?<\/span><\/h3><div class=\"faq-content\"><p>The High Class is a cannabis association located in Barcelona, which you need to be a member to join. Within our cannabis club The High Class, you will be able to consume cannabis and its derivatives legally.<\/p><div class=\"faq-list-area\"><h4 class=\"title\">In short:<\/h3><ul class=\"faq-list\"><li>We are in Barcelona.<\/li><li>To access, you must be a member.<\/li><li>Here you can legally consume cannabis.<\/li><\/ul><\/div><div class=\"faq-inner-thumb-area\"><div class=\"row justify-content-center mb-30-none\">\u00a0<\/div><\/div><\/div><\/div><div class=\"faq-item active\"><h3 class=\"faq-title\"><span class=\"title\">How can I become a member of The High Class cannabis association?<\/span><\/h3><div class=\"faq-content\"><p>To smoke marijuana legally in Barcelona, you must do so in a private place, such as a cannabis association. To become a member of our social club, you must have an invitation, be 21 years of age or older and present photo ID.<\/p><div class=\"faq-list-area\"><h4 class=\"title\">To summarise<\/h3><ul class=\"faq-list\"><li>Request access using the form.<\/li><li>Come with a partner who recommends you.<\/li><\/ul><\/div><div class=\"faq-inner-thumb-area\"><div class=\"row justify-content-center mb-30-none\">\u00a0<\/div><\/div><\/div><\/div><div class=\"faq-item active\"><h3 class=\"faq-title\"><span class=\"title\">What about the security of the personal data I provide to a cannabis club?<\/span><\/h3><div class=\"faq-content\"><p>You can rest assured about the security of your personal data. At The High Class we treat your data with complete confidentiality and responsibility. Stored securely, your data will never be shared.<\/p><div class=\"faq-list-area\"><h4 class=\"title\">To summarise<\/h3><ul class=\"faq-list\"><li>We protect your data.<\/li><li>It is our responsibility to do so.<\/li><\/ul><\/div><div class=\"faq-inner-thumb-area\"><div class=\"row justify-content-center mb-30-none\">\u00a0<\/div><\/div><\/div><\/div><div class=\"faq-item active\"><h3 class=\"faq-title\"><span class=\"title\">Do I need ID every time I enter the cannabis club?<\/span><\/h3><div class=\"faq-content\"><p>Yes, one of the requirements to join the club is to present an official identification from your country, be it ID, passport, driving licence, etc.<\/p><div class=\"faq-list-area\"><h4 class=\"title\">In short:<\/h3><ul class=\"faq-list\"><li>Bring a document that identifies you.<\/li><li>Any that is issued by a valid authority.<\/li><\/ul><\/div><div class=\"faq-inner-thumb-area\"><div class=\"row justify-content-center mb-30-none\">\u00a0<\/div><\/div><\/div><\/div><div class=\"faq-item active\"><h3 class=\"faq-title\"><span class=\"title\">Do I have to register every time I visit the cannabis association?<\/span><\/h3><div class=\"faq-content\"><p>Of course not! You only need to register the first time. After that, to log in you simply need your membership number and a photo ID.<\/p><div class=\"faq-list-area\"><h4 class=\"title\">In short:<\/h3><ul class=\"faq-list\"><li>Registration the first time.<\/li><li>Log in with your # membership.<\/li><\/ul><\/div><\/div><\/div><div class=\"faq-item active\"><div class=\"faq-content\"><div class=\"faq-inner-thumb-area\"><div class=\"row justify-content-center mb-30-none\">\u00a0<\/div><\/div><\/div><\/div><div class=\"faq-item active\"><h3 class=\"faq-title\"><span class=\"title\">Is it legal to smoke marijuana in Barcelona?<\/span><\/h3><div class=\"faq-content\"><p>Smoking marijuana in public spaces is strictly forbidden. What is legal, however, is smoking in a private space, which is why there are cannabis associations such as The High Class.<\/p><div class=\"faq-list-area\"><h4 class=\"title\">In short:<\/h3><ul class=\"faq-list\"><li>In private spaces, YES.<\/li><li>In public areas, NO.<\/li><\/ul><\/div><div class=\"faq-inner-thumb-area\"><div class=\"row justify-content-center mb-30-none\">\u00a0<\/div><\/div><\/div><\/div><div class=\"faq-item active\"><h3 class=\"faq-title\"><span class=\"title\">Can I buy marijuana online?<\/span><\/h3><div class=\"faq-content\"><p>No, no clubs offer online cannabis sales.<\/p><div class=\"faq-list-area\"><h4 class=\"title\">In short:<\/h3><ul class=\"faq-list\"><li>NO. It is illegal.<\/li><\/ul><\/div><div class=\"faq-inner-thumb-area\"><div class=\"row justify-content-center mb-30-none\">\u00a0<\/div><\/div><\/div><\/div><div class=\"faq-item active\"><h3 class=\"faq-title\"><span class=\"title\">What is the difference between CBD and THC?<\/span><\/h3><div class=\"faq-content\"><p>The main difference is that CBD acts as a relaxant and does not provide the \"high\", as this euphoric effect is caused by THC. More on the subject here: https:\/\/thehighclassbcn.com\/cbd-cannabis-medicinal-y-efectos-en-el-organismo\/<\/p><div class=\"faq-list-area\"><h4 class=\"title\">In short:<\/h3><ul class=\"faq-list\"><li>The effect on your body is different depending on what you consume.<\/li><\/ul><\/div><div class=\"faq-inner-thumb-area\"><div class=\"row justify-content-center mb-30-none\">\u00a0<\/div><\/div><\/div><\/div><div class=\"faq-item active\"><h3 class=\"faq-title\"><span class=\"title\">What is the difference between Indica and Sativa?<\/span><\/h3><div class=\"faq-content\"><p>An Indica strain is often the best choice for rest and relaxation due to its sedative effects. Recommended for calming stress, movie nights or closing the day in a relaxed way. Sativa has a cerebral effect that generates a feeling of \"euphoria\". Generally accompanied with an energising effect that is felt in the body, it is more commonly used during the day as it keeps you more active than an Indica strain.<\/p><div class=\"faq-list-area\"><h4 class=\"title\">In short:<\/h3><ul class=\"faq-list\"><li>Indicates = rest and relaxation.<\/li><li>Sativa = euphoria and energy.<\/li><\/ul><\/div><div class=\"faq-inner-thumb-area\"><div class=\"row justify-content-center mb-30-none\">\u00a0<\/div><\/div><\/div><\/div><div class=\"faq-item active\"><h3 class=\"faq-title\"><span class=\"title\">I don't like smoking, do you offer other options to consume cannabis within the club?<\/span><\/h3><div class=\"faq-content\"><p>Yes, within our cannabis association The High Class you will find vaporisers, bongs and dab rigs so you can consume your favourite weed, extract or concentrate.<\/p><div class=\"faq-list-area\"><h4 class=\"title\">In short:<\/h3><ul class=\"faq-list\"><li>We have vaporisers.<\/li><li>Also bongs and rigs, in our shop.<\/li><\/ul><\/div><\/div><\/div>\t\t\t\t\t\t\t\t<\/div>\n\t\t\t\t<\/div>\n\t\t\t\t\t<\/div>\n\t\t<\/div>\n\t\t\t\t\t<\/div>\n\t\t<\/section>\n\t\t\t\t\t<\/div>\n\t\t<\/div>\n\t\t\t\t\t<\/div>\n\t\t<\/div>\n\t\t\t\t<div class=\"elementor-section elementor-top-section elementor-element elementor-element-c5040c0 elementor-section-stretched elementor-section-boxed elementor-section-height-default elementor-section-height-default\" data-id=\"c5040c0\" data-element_type=\"section\" data-e-type=\"section\" data-settings=\"{&quot;stretch_section&quot;:&quot;section-stretched&quot;,&quot;background_background&quot;:&quot;classic&quot;}\">\n\t\t\t\t\t\t\t<div class=\"elementor-background-overlay\"><\/div>\n\t\t\t\t\t\t\t<div class=\"elementor-container elementor-column-gap-default\">\n\t\t\t\t\t<div class=\"elementor-column elementor-col-100 elementor-top-column elementor-element elementor-element-8e7f89e\" data-id=\"8e7f89e\" data-element_type=\"column\" data-e-type=\"column\">\n\t\t\t<div class=\"elementor-widget-wrap elementor-element-populated\">\n\t\t\t\t\t\t<div class=\"elementor-section elementor-inner-section elementor-element elementor-element-cbb642b elementor-section-boxed elementor-section-height-default elementor-section-height-default\" data-id=\"cbb642b\" data-element_type=\"section\" data-e-type=\"section\">\n\t\t\t\t\t\t<div class=\"elementor-container elementor-column-gap-default\">\n\t\t\t\t\t<div class=\"elementor-column elementor-col-33 elementor-inner-column elementor-element elementor-element-2f21752\" data-id=\"2f21752\" data-element_type=\"column\" data-e-type=\"column\">\n\t\t\t<div class=\"elementor-widget-wrap\">\n\t\t\t\t\t\t\t<\/div>\n\t\t<\/div>\n\t\t\t\t<div class=\"elementor-column elementor-col-33 elementor-inner-column elementor-element elementor-element-e4f966c\" data-id=\"e4f966c\" data-element_type=\"column\" data-e-type=\"column\">\n\t\t\t<div class=\"elementor-widget-wrap elementor-element-populated\">\n\t\t\t\t\t\t<div class=\"elementor-element elementor-element-6fa991d elementor-widget elementor-widget-heading\" data-id=\"6fa991d\" data-element_type=\"widget\" data-e-type=\"widget\" data-widget_type=\"heading.default\">\n\t\t\t\t<div class=\"elementor-widget-container\">\n\t\t\t\t\t<h2 class=\"elementor-heading-title elementor-size-default\">JOIN OUR PRIVATE CLUB IN BARCELONA<\/h2>\t\t\t\t<\/div>\n\t\t\t\t<\/div>\n\t\t\t\t<div class=\"elementor-element elementor-element-ea33977 elementor-widget elementor-widget-heading\" data-id=\"ea33977\" data-element_type=\"widget\" data-e-type=\"widget\" data-widget_type=\"heading.default\">\n\t\t\t\t<div class=\"elementor-widget-container\">\n\t\t\t\t\t<p class=\"elementor-heading-title elementor-size-default\"> #HIGHEXPERIENCE<\/p>\t\t\t\t<\/div>\n\t\t\t\t<\/div>\n\t\t\t\t<div class=\"elementor-element elementor-element-671177d elementor-widget elementor-widget-heading\" data-id=\"671177d\" data-element_type=\"widget\" data-e-type=\"widget\" data-widget_type=\"heading.default\">\n\t\t\t\t<div class=\"elementor-widget-container\">\n\t\t\t\t\t<p class=\"elementor-heading-title elementor-size-default\">To access our weed club in Barcelona, you need to be a member. Fill in the form and when we have vacancies, we will inform you.<\/p>\t\t\t\t<\/div>\n\t\t\t\t<\/div>\n\t\t\t\t<div class=\"elementor-element elementor-element-330ac6e elementor-align-center elementor-widget elementor-widget-button\" data-id=\"330ac6e\" data-element_type=\"widget\" data-e-type=\"widget\" data-widget_type=\"button.default\">\n\t\t\t\t<div class=\"elementor-widget-container\">\n\t\t\t\t\t\t\t\t\t<div class=\"elementor-button-wrapper\">\n\t\t\t\t\t<a class=\"elementor-button elementor-button-link elementor-size-sm\" href=\"\/en\/membership\/\">\n\t\t\t\t\t\t<span class=\"elementor-button-content-wrapper\">\n\t\t\t\t\t\t<span class=\"elementor-button-icon\">\n\t\t\t\t<i aria-hidden=\"true\" class=\"fas fa-arrow-right\"><\/i>\t\t\t<\/span>\n\t\t\t\t\t\t\t\t\t<span class=\"elementor-button-text\">I WANT TO BECOME A MEMBER<\/span>\n\t\t\t\t\t<\/span>\n\t\t\t\t\t<\/a>\n\t\t\t\t<\/div>\n\t\t\t\t\t\t\t\t<\/div>\n\t\t\t\t<\/div>\n\t\t\t\t\t<\/div>\n\t\t<\/div>\n\t\t\t\t<div class=\"elementor-column elementor-col-33 elementor-inner-column elementor-element elementor-element-d2109bf\" data-id=\"d2109bf\" data-element_type=\"column\" data-e-type=\"column\">\n\t\t\t<div class=\"elementor-widget-wrap\">\n\t\t\t\t\t\t\t<\/div>\n\t\t<\/div>\n\t\t\t\t\t<\/div>\n\t\t<\/div>\n\t\t\t\t\t<\/div>\n\t\t<\/div>\n\t\t\t\t\t<\/div>\n\t\t<\/div>\n\t\t\t\t<\/div>","protected":false},"excerpt":{"rendered":"<p>\u00bfQu\u00e9 es The High Class Barcelona? The High Class es una asociaci\u00f3n cann\u00e1bica ubicada en Barcelona, a la cual necesitas ser miembro para entrar. Dentro de nuestro club cann\u00e1bico The High Class, podr\u00e1s consumir cannabis [&hellip;]<\/p>\n","protected":false},"author":3,"featured_media":3514,"parent":0,"menu_order":0,"comment_status":"closed","ping_status":"closed","template":"","meta":{"_joinchat":[],"footnotes":""},"class_list":["post-1045","page","type-page","status-publish","has-post-thumbnail","hentry"],"yoast_head":"<!-- This site is optimized with the Yoast SEO plugin v27.1.1 - https:\/\/yoast.com\/product\/yoast-seo-wordpress\/ -->\n<title>FAQs &#8226; The High Class<\/title>\n<meta name=\"description\" content=\"FAQs, tambi\u00e9n conocido como Preguntas Frecuentes. Aqu\u00ed encontrar\u00e1s resueltas las dudas que nos suelen hacer. Bienvenidx a The High Class Barcelona.\" \/>\n<meta name=\"robots\" content=\"index, follow, max-snippet:-1, max-image-preview:large, max-video-preview:-1\" \/>\n<link rel=\"canonical\" href=\"https:\/\/thehighclassbcn.com\/en\/faqs-frequently-asked-questions-2\/\" \/>\n<meta property=\"og:locale\" content=\"en_GB\" \/>\n<meta property=\"og:type\" content=\"article\" \/>\n<meta property=\"og:title\" content=\"FAQs &#8226; The High Class\" \/>\n<meta property=\"og:description\" content=\"FAQs, tambi\u00e9n conocido como Preguntas Frecuentes. Aqu\u00ed encontrar\u00e1s resueltas las dudas que nos suelen hacer. Bienvenidx a The High Class Barcelona.\" \/>\n<meta property=\"og:url\" content=\"https:\/\/thehighclassbcn.com\/en\/faqs-frequently-asked-questions-2\/\" \/>\n<meta property=\"og:site_name\" content=\"The High Class\" \/>\n<meta property=\"article:modified_time\" content=\"2025-08-12T15:02:11+00:00\" \/>\n<meta property=\"og:image\" content=\"https:\/\/thehighclassbcn.com\/wp-content\/uploads\/2022\/10\/MG_4411-h-1.jpg\" \/>\n\t<meta property=\"og:image:width\" content=\"956\" \/>\n\t<meta property=\"og:image:height\" content=\"609\" \/>\n\t<meta property=\"og:image:type\" content=\"image\/jpeg\" \/>\n<meta name=\"twitter:card\" content=\"summary_large_image\" \/>\n<meta name=\"twitter:label1\" content=\"Estimated reading time\" \/>\n\t<meta name=\"twitter:data1\" content=\"3 minutes\" \/>\n<script type=\"application\/ld+json\" class=\"yoast-schema-graph\">{\"@context\":\"https:\/\/schema.org\",\"@graph\":[{\"@type\":\"WebPage\",\"@id\":\"https:\/\/thehighclassbcn.com\/faqs-preguntas-frecuentes\/\",\"url\":\"https:\/\/thehighclassbcn.com\/faqs-preguntas-frecuentes\/\",\"name\":\"FAQs &#8226; The High Class\",\"isPartOf\":{\"@id\":\"https:\/\/thehighclassbcn.com\/#website\"},\"primaryImageOfPage\":{\"@id\":\"https:\/\/thehighclassbcn.com\/faqs-preguntas-frecuentes\/#primaryimage\"},\"image\":{\"@id\":\"https:\/\/thehighclassbcn.com\/faqs-preguntas-frecuentes\/#primaryimage\"},\"thumbnailUrl\":\"https:\/\/thehighclassbcn.com\/wp-content\/uploads\/2022\/10\/MG_4411-h-1.jpg\",\"datePublished\":\"2022-03-17T05:48:43+00:00\",\"dateModified\":\"2025-08-12T15:02:11+00:00\",\"description\":\"FAQs, tambi\u00e9n conocido como Preguntas Frecuentes. Aqu\u00ed encontrar\u00e1s resueltas las dudas que nos suelen hacer. Bienvenidx a The High Class Barcelona.\",\"breadcrumb\":{\"@id\":\"https:\/\/thehighclassbcn.com\/faqs-preguntas-frecuentes\/#breadcrumb\"},\"inLanguage\":\"en-GB\",\"potentialAction\":[{\"@type\":\"ReadAction\",\"target\":[\"https:\/\/thehighclassbcn.com\/faqs-preguntas-frecuentes\/\"]}]},{\"@type\":\"ImageObject\",\"inLanguage\":\"en-GB\",\"@id\":\"https:\/\/thehighclassbcn.com\/faqs-preguntas-frecuentes\/#primaryimage\",\"url\":\"https:\/\/thehighclassbcn.com\/wp-content\/uploads\/2022\/10\/MG_4411-h-1.jpg\",\"contentUrl\":\"https:\/\/thehighclassbcn.com\/wp-content\/uploads\/2022\/10\/MG_4411-h-1.jpg\",\"width\":956,\"height\":609},{\"@type\":\"BreadcrumbList\",\"@id\":\"https:\/\/thehighclassbcn.com\/faqs-preguntas-frecuentes\/#breadcrumb\",\"itemListElement\":[{\"@type\":\"ListItem\",\"position\":1,\"name\":\"Home\",\"item\":\"https:\/\/thehighclassbcn.com\/\"},{\"@type\":\"ListItem\",\"position\":2,\"name\":\"FAQs\"}]},{\"@type\":\"WebSite\",\"@id\":\"https:\/\/thehighclassbcn.com\/#website\",\"url\":\"https:\/\/thehighclassbcn.com\/\",\"name\":\"The High Class Bcn\",\"description\":\"\",\"publisher\":{\"@id\":\"https:\/\/thehighclassbcn.com\/#organization\"},\"potentialAction\":[{\"@type\":\"SearchAction\",\"target\":{\"@type\":\"EntryPoint\",\"urlTemplate\":\"https:\/\/thehighclassbcn.com\/?s={search_term_string}\"},\"query-input\":{\"@type\":\"PropertyValueSpecification\",\"valueRequired\":true,\"valueName\":\"search_term_string\"}}],\"inLanguage\":\"en-GB\"},{\"@type\":\"Organization\",\"@id\":\"https:\/\/thehighclassbcn.com\/#organization\",\"name\":\"The High Class Bcn\",\"alternateName\":\"The High Class Bcn\",\"url\":\"https:\/\/thehighclassbcn.com\/\",\"logo\":{\"@type\":\"ImageObject\",\"inLanguage\":\"en-GB\",\"@id\":\"https:\/\/thehighclassbcn.com\/#\/schema\/logo\/image\/\",\"url\":\"https:\/\/thehighclassbcn.com\/wp-content\/uploads\/2024\/06\/C6F66C31-1F1C-4492-8C5A-C0E841FA0049.webp\",\"contentUrl\":\"https:\/\/thehighclassbcn.com\/wp-content\/uploads\/2024\/06\/C6F66C31-1F1C-4492-8C5A-C0E841FA0049.webp\",\"width\":2560,\"height\":1810,\"caption\":\"The High Class Bcn\"},\"image\":{\"@id\":\"https:\/\/thehighclassbcn.com\/#\/schema\/logo\/image\/\"}}]}<\/script>\n<!-- \/ Yoast SEO plugin. -->","yoast_head_json":{"title":"FAQs - The High Class","description":"FAQs, also known as Frequently Asked Questions. Here you will find answers to the questions we are often asked. Welcome to The High Class Barcelona.","robots":{"index":"index","follow":"follow","max-snippet":"max-snippet:-1","max-image-preview":"max-image-preview:large","max-video-preview":"max-video-preview:-1"},"canonical":"https:\/\/thehighclassbcn.com\/en\/faqs-frequently-asked-questions-2\/","og_locale":"en_GB","og_type":"article","og_title":"FAQs &#8226; The High Class","og_description":"FAQs, tambi\u00e9n conocido como Preguntas Frecuentes. Aqu\u00ed encontrar\u00e1s resueltas las dudas que nos suelen hacer. Bienvenidx a The High Class Barcelona.","og_url":"https:\/\/thehighclassbcn.com\/en\/faqs-frequently-asked-questions-2\/","og_site_name":"The High Class","article_modified_time":"2025-08-12T15:02:11+00:00","og_image":[{"width":956,"height":609,"url":"https:\/\/thehighclassbcn.com\/wp-content\/uploads\/2022\/10\/MG_4411-h-1.jpg","type":"image\/jpeg"}],"twitter_card":"summary_large_image","twitter_misc":{"Estimated reading time":"3 minutes"},"schema":{"@context":"https:\/\/schema.org","@graph":[{"@type":"WebPage","@id":"https:\/\/thehighclassbcn.com\/faqs-preguntas-frecuentes\/","url":"https:\/\/thehighclassbcn.com\/faqs-preguntas-frecuentes\/","name":"FAQs - The High Class","isPartOf":{"@id":"https:\/\/thehighclassbcn.com\/#website"},"primaryImageOfPage":{"@id":"https:\/\/thehighclassbcn.com\/faqs-preguntas-frecuentes\/#primaryimage"},"image":{"@id":"https:\/\/thehighclassbcn.com\/faqs-preguntas-frecuentes\/#primaryimage"},"thumbnailUrl":"https:\/\/thehighclassbcn.com\/wp-content\/uploads\/2022\/10\/MG_4411-h-1.jpg","datePublished":"2022-03-17T05:48:43+00:00","dateModified":"2025-08-12T15:02:11+00:00","description":"FAQs, also known as Frequently Asked Questions. Here you will find answers to the questions we are often asked. Welcome to The High Class Barcelona.","breadcrumb":{"@id":"https:\/\/thehighclassbcn.com\/faqs-preguntas-frecuentes\/#breadcrumb"},"inLanguage":"en-GB","potentialAction":[{"@type":"ReadAction","target":["https:\/\/thehighclassbcn.com\/faqs-preguntas-frecuentes\/"]}]},{"@type":"ImageObject","inLanguage":"en-GB","@id":"https:\/\/thehighclassbcn.com\/faqs-preguntas-frecuentes\/#primaryimage","url":"https:\/\/thehighclassbcn.com\/wp-content\/uploads\/2022\/10\/MG_4411-h-1.jpg","contentUrl":"https:\/\/thehighclassbcn.com\/wp-content\/uploads\/2022\/10\/MG_4411-h-1.jpg","width":956,"height":609},{"@type":"BreadcrumbList","@id":"https:\/\/thehighclassbcn.com\/faqs-preguntas-frecuentes\/#breadcrumb","itemListElement":[{"@type":"ListItem","position":1,"name":"Home","item":"https:\/\/thehighclassbcn.com\/"},{"@type":"ListItem","position":2,"name":"FAQs"}]},{"@type":"WebSite","@id":"https:\/\/thehighclassbcn.com\/#website","url":"https:\/\/thehighclassbcn.com\/","name":"The High Class Bcn","description":"","publisher":{"@id":"https:\/\/thehighclassbcn.com\/#organization"},"potentialAction":[{"@type":"SearchAction","target":{"@type":"EntryPoint","urlTemplate":"https:\/\/thehighclassbcn.com\/?s={search_term_string}"},"query-input":{"@type":"PropertyValueSpecification","valueRequired":true,"valueName":"search_term_string"}}],"inLanguage":"en-GB"},{"@type":"Organization","@id":"https:\/\/thehighclassbcn.com\/#organization","name":"The High Class Bcn","alternateName":"The High Class Bcn","url":"https:\/\/thehighclassbcn.com\/","logo":{"@type":"ImageObject","inLanguage":"en-GB","@id":"https:\/\/thehighclassbcn.com\/#\/schema\/logo\/image\/","url":"https:\/\/thehighclassbcn.com\/wp-content\/uploads\/2024\/06\/C6F66C31-1F1C-4492-8C5A-C0E841FA0049.webp","contentUrl":"https:\/\/thehighclassbcn.com\/wp-content\/uploads\/2024\/06\/C6F66C31-1F1C-4492-8C5A-C0E841FA0049.webp","width":2560,"height":1810,"caption":"The High Class Bcn"},"image":{"@id":"https:\/\/thehighclassbcn.com\/#\/schema\/logo\/image\/"}}]}},"_links":{"self":[{"href":"https:\/\/thehighclassbcn.com\/en\/wp-json\/wp\/v2\/pages\/1045","targetHints":{"allow":["GET"]}}],"collection":[{"href":"https:\/\/thehighclassbcn.com\/en\/wp-json\/wp\/v2\/pages"}],"about":[{"href":"https:\/\/thehighclassbcn.com\/en\/wp-json\/wp\/v2\/types\/page"}],"author":[{"embeddable":true,"href":"https:\/\/thehighclassbcn.com\/en\/wp-json\/wp\/v2\/users\/3"}],"replies":[{"embeddable":true,"href":"https:\/\/thehighclassbcn.com\/en\/wp-json\/wp\/v2\/comments?post=1045"}],"version-history":[{"count":12,"href":"https:\/\/thehighclassbcn.com\/en\/wp-json\/wp\/v2\/pages\/1045\/revisions"}],"predecessor-version":[{"id":46739,"href":"https:\/\/thehighclassbcn.com\/en\/wp-json\/wp\/v2\/pages\/1045\/revisions\/46739"}],"wp:featuredmedia":[{"embeddable":true,"href":"https:\/\/thehighclassbcn.com\/en\/wp-json\/wp\/v2\/media\/3514"}],"wp:attachment":[{"href":"https:\/\/thehighclassbcn.com\/en\/wp-json\/wp\/v2\/media?parent=1045"}],"curies":[{"name":"wp","href":"https:\/\/api.w.org\/{rel}","templated":true}]}}