{"id":1045,"date":"2022-03-17T06:48:43","date_gmt":"2022-03-17T05:48:43","guid":{"rendered":"https:\/\/themeim.com\/wp\/sword\/?page_id=1045"},"modified":"2025-08-12T17:02:11","modified_gmt":"2025-08-12T15:02:11","slug":"haufig-gestellte-fragen-faqs","status":"publish","type":"page","link":"https:\/\/thehighclassbcn.com\/de\/haufig-gestellte-fragen-faqs\/","title":{"rendered":"FAQs"},"content":{"rendered":"<div data-elementor-type=\"wp-page\" data-elementor-id=\"1045\" class=\"elementor elementor-1045\" data-elementor-settings=\"{&quot;element_pack_global_tooltip_width&quot;:{&quot;unit&quot;:&quot;px&quot;,&quot;size&quot;:&quot;&quot;,&quot;sizes&quot;:[]},&quot;element_pack_global_tooltip_width_tablet&quot;:{&quot;unit&quot;:&quot;px&quot;,&quot;size&quot;:&quot;&quot;,&quot;sizes&quot;:[]},&quot;element_pack_global_tooltip_width_mobile&quot;:{&quot;unit&quot;:&quot;px&quot;,&quot;size&quot;:&quot;&quot;,&quot;sizes&quot;:[]},&quot;element_pack_global_tooltip_padding&quot;:{&quot;unit&quot;:&quot;px&quot;,&quot;top&quot;:&quot;&quot;,&quot;right&quot;:&quot;&quot;,&quot;bottom&quot;:&quot;&quot;,&quot;left&quot;:&quot;&quot;,&quot;isLinked&quot;:true},&quot;element_pack_global_tooltip_padding_tablet&quot;:{&quot;unit&quot;:&quot;px&quot;,&quot;top&quot;:&quot;&quot;,&quot;right&quot;:&quot;&quot;,&quot;bottom&quot;:&quot;&quot;,&quot;left&quot;:&quot;&quot;,&quot;isLinked&quot;:true},&quot;element_pack_global_tooltip_padding_mobile&quot;:{&quot;unit&quot;:&quot;px&quot;,&quot;top&quot;:&quot;&quot;,&quot;right&quot;:&quot;&quot;,&quot;bottom&quot;:&quot;&quot;,&quot;left&quot;:&quot;&quot;,&quot;isLinked&quot;:true},&quot;element_pack_global_tooltip_border_radius&quot;:{&quot;unit&quot;:&quot;px&quot;,&quot;top&quot;:&quot;&quot;,&quot;right&quot;:&quot;&quot;,&quot;bottom&quot;:&quot;&quot;,&quot;left&quot;:&quot;&quot;,&quot;isLinked&quot;:true},&quot;element_pack_global_tooltip_border_radius_tablet&quot;:{&quot;unit&quot;:&quot;px&quot;,&quot;top&quot;:&quot;&quot;,&quot;right&quot;:&quot;&quot;,&quot;bottom&quot;:&quot;&quot;,&quot;left&quot;:&quot;&quot;,&quot;isLinked&quot;:true},&quot;element_pack_global_tooltip_border_radius_mobile&quot;:{&quot;unit&quot;:&quot;px&quot;,&quot;top&quot;:&quot;&quot;,&quot;right&quot;:&quot;&quot;,&quot;bottom&quot;:&quot;&quot;,&quot;left&quot;:&quot;&quot;,&quot;isLinked&quot;:true}}\" data-elementor-post-type=\"page\">\n\t\t\t\t\t\t<div class=\"elementor-section elementor-top-section elementor-element elementor-element-471fff4f elementor-section-stretched elementor-section-boxed elementor-section-height-default elementor-section-height-default\" data-id=\"471fff4f\" data-element_type=\"section\" data-e-type=\"section\" data-settings=\"{&quot;stretch_section&quot;:&quot;section-stretched&quot;,&quot;background_background&quot;:&quot;classic&quot;}\">\n\t\t\t\t\t\t<div class=\"elementor-container elementor-column-gap-default\">\n\t\t\t\t\t<div class=\"elementor-column elementor-col-100 elementor-top-column elementor-element elementor-element-6a44ee38\" data-id=\"6a44ee38\" data-element_type=\"column\" data-e-type=\"column\">\n\t\t\t<div class=\"elementor-widget-wrap elementor-element-populated\">\n\t\t\t\t\t\t<section class=\"elementor-section elementor-inner-section elementor-element elementor-element-54fdb369 elementor-section-boxed elementor-section-height-default elementor-section-height-default\" data-id=\"54fdb369\" data-element_type=\"section\" data-e-type=\"section\">\n\t\t\t\t\t\t<div class=\"elementor-container elementor-column-gap-default\">\n\t\t\t\t\t<div class=\"elementor-column elementor-col-100 elementor-inner-column elementor-element elementor-element-f6c4e72\" data-id=\"f6c4e72\" data-element_type=\"column\" data-e-type=\"column\">\n\t\t\t<div class=\"elementor-widget-wrap elementor-element-populated\">\n\t\t\t\t\t\t<div class=\"elementor-element elementor-element-a69bd72 elementor-widget elementor-widget-text-editor\" data-id=\"a69bd72\" data-element_type=\"widget\" data-e-type=\"widget\" data-widget_type=\"text-editor.default\">\n\t\t\t\t<div class=\"elementor-widget-container\">\n\t\t\t\t\t\t\t\t\t<div class=\"faq-item active\"><h3 class=\"faq-title\"><span class=\"title\">Was ist die High Class Barcelona?<\/span><\/h3><div class=\"faq-content\"><p>The High Class ist eine Cannabisvereinigung in Barcelona, bei der Sie Mitglied sein m\u00fcssen, um beitreten zu k\u00f6nnen. In unserem Cannabisclub The High Class k\u00f6nnen Sie Cannabis und seine Derivate legal konsumieren.<\/p><div class=\"faq-list-area\"><h4 class=\"title\">Zusammengefasst:<\/h3><ul class=\"faq-list\"><li>Wir sind in Barcelona.<\/li><li>Um Zugang zu erhalten, m\u00fcssen Sie Mitglied sein.<\/li><li>Hier k\u00f6nnen Sie Cannabis legal konsumieren.<\/li><\/ul><\/div><div class=\"faq-inner-thumb-area\"><div class=\"row justify-content-center mb-30-none\">\u00a0<\/div><\/div><\/div><\/div><div class=\"faq-item active\"><h3 class=\"faq-title\"><span class=\"title\">Wie kann ich Mitglied der High Class Cannabis Association werden?<\/span><\/h3><div class=\"faq-content\"><p>Um in Barcelona legal Marihuana zu rauchen, m\u00fcssen Sie dies an einem privaten Ort tun, z. B. in einem Cannabisverein. Um Mitglied in unserem Social Club zu werden, m\u00fcssen Sie eine Einladung haben, mindestens 21 Jahre alt sein und einen Lichtbildausweis vorlegen.<\/p><div class=\"faq-list-area\"><h4 class=\"title\">Zusammenfassend<\/h3><ul class=\"faq-list\"><li>Beantragen Sie den Zugang \u00fcber das Formular.<\/li><li>Kommen Sie mit einem Partner, der Sie empfiehlt.<\/li><\/ul><\/div><div class=\"faq-inner-thumb-area\"><div class=\"row justify-content-center mb-30-none\">\u00a0<\/div><\/div><\/div><\/div><div class=\"faq-item active\"><h3 class=\"faq-title\"><span class=\"title\">Wie sieht es mit der Sicherheit der personenbezogenen Daten aus, die ich einem Cannabisclub zur Verf\u00fcgung stelle?<\/span><\/h3><div class=\"faq-content\"><p>Sie k\u00f6nnen sich \u00fcber die Sicherheit Ihrer pers\u00f6nlichen Daten sicher sein. Bei The High Class behandeln wir Ihre Daten mit absoluter Vertraulichkeit und Verantwortung. Ihre Daten sind sicher gespeichert und werden niemals weitergegeben.<\/p><div class=\"faq-list-area\"><h4 class=\"title\">Zusammenfassend<\/h3><ul class=\"faq-list\"><li>Wir sch\u00fctzen Ihre Daten.<\/li><li>Es liegt in unserer Verantwortung, dies zu tun.<\/li><\/ul><\/div><div class=\"faq-inner-thumb-area\"><div class=\"row justify-content-center mb-30-none\">\u00a0<\/div><\/div><\/div><\/div><div class=\"faq-item active\"><h3 class=\"faq-title\"><span class=\"title\">Brauche ich jedes Mal einen Ausweis, wenn ich den Cannabisclub betrete?<\/span><\/h3><div class=\"faq-content\"><p>Ja, eine der Voraussetzungen f\u00fcr die Aufnahme in den Club ist die Vorlage eines offiziellen Ausweises Ihres Landes, sei es ein Personalausweis, Reisepass, F\u00fchrerschein usw.<\/p><div class=\"faq-list-area\"><h4 class=\"title\">Zusammengefasst:<\/h3><ul class=\"faq-list\"><li>Bringen Sie ein Dokument mit, das Sie ausweist.<\/li><li>Jede, die von einer g\u00fcltigen Beh\u00f6rde ausgestellt ist.<\/li><\/ul><\/div><div class=\"faq-inner-thumb-area\"><div class=\"row justify-content-center mb-30-none\">\u00a0<\/div><\/div><\/div><\/div><div class=\"faq-item active\"><h3 class=\"faq-title\"><span class=\"title\">Muss ich mich jedes Mal anmelden, wenn ich die Cannabisvereinigung besuche?<\/span><\/h3><div class=\"faq-content\"><p>Nein, nat\u00fcrlich nicht! Sie m\u00fcssen sich nur beim ersten Mal registrieren. Danach brauchen Sie zum Einloggen nur noch Ihre Mitgliedsnummer und einen Lichtbildausweis.<\/p><div class=\"faq-list-area\"><h4 class=\"title\">Zusammengefasst:<\/h3><ul class=\"faq-list\"><li>Anmeldung beim ersten Mal.<\/li><li>Melden Sie sich mit Ihrer #-Mitgliedschaft an.<\/li><\/ul><\/div><\/div><\/div><div class=\"faq-item active\"><div class=\"faq-content\"><div class=\"faq-inner-thumb-area\"><div class=\"row justify-content-center mb-30-none\">\u00a0<\/div><\/div><\/div><\/div><div class=\"faq-item active\"><h3 class=\"faq-title\"><span class=\"title\">Ist es legal, in Barcelona Marihuana zu rauchen?<\/span><\/h3><div class=\"faq-content\"><p>Das Rauchen von Marihuana in \u00f6ffentlichen R\u00e4umen ist streng verboten. Legal ist jedoch das Rauchen in privaten R\u00e4umen, weshalb es Cannabisverb\u00e4nde wie The High Class gibt.<\/p><div class=\"faq-list-area\"><h4 class=\"title\">Zusammengefasst:<\/h3><ul class=\"faq-list\"><li>In privaten R\u00e4umen, JA.<\/li><li>In \u00f6ffentlichen Bereichen, NO.<\/li><\/ul><\/div><div class=\"faq-inner-thumb-area\"><div class=\"row justify-content-center mb-30-none\">\u00a0<\/div><\/div><\/div><\/div><div class=\"faq-item active\"><h3 class=\"faq-title\"><span class=\"title\">Kann ich Marihuana online kaufen?<\/span><\/h3><div class=\"faq-content\"><p>Nein, kein Club bietet den Online-Verkauf von Cannabis an.<\/p><div class=\"faq-list-area\"><h4 class=\"title\">Zusammengefasst:<\/h3><ul class=\"faq-list\"><li>NEIN. Es ist illegal.<\/li><\/ul><\/div><div class=\"faq-inner-thumb-area\"><div class=\"row justify-content-center mb-30-none\">\u00a0<\/div><\/div><\/div><\/div><div class=\"faq-item active\"><h3 class=\"faq-title\"><span class=\"title\">Was ist der Unterschied zwischen CBD und THC?<\/span><\/h3><div class=\"faq-content\"><p>Der Hauptunterschied besteht darin, dass CBD entspannend wirkt und nicht \"high\" macht, da diese euphorisierende Wirkung durch THC verursacht wird. Mehr zu diesem Thema hier: https:\/\/thehighclassbcn.com\/cbd-cannabis-medicinal-y-efectos-en-el-organismo\/<\/p><div class=\"faq-list-area\"><h4 class=\"title\">Zusammengefasst:<\/h3><ul class=\"faq-list\"><li>Je nachdem, was Sie zu sich nehmen, ist die Wirkung auf Ihren K\u00f6rper unterschiedlich.<\/li><\/ul><\/div><div class=\"faq-inner-thumb-area\"><div class=\"row justify-content-center mb-30-none\">\u00a0<\/div><\/div><\/div><\/div><div class=\"faq-item active\"><h3 class=\"faq-title\"><span class=\"title\">Was ist der Unterschied zwischen Indica und Sativa?<\/span><\/h3><div class=\"faq-content\"><p>Eine Indica-Sorte ist aufgrund ihrer sedierenden Wirkung oft die beste Wahl f\u00fcr Ruhe und Entspannung. Empfohlen zum Stressabbau, f\u00fcr Filmabende oder um den Tag entspannt ausklingen zu lassen. Sativa hat eine zerebrale Wirkung, die ein Gef\u00fchl der \"Euphorie\" erzeugt. Im Allgemeinen geht sie mit einer anregenden Wirkung einher, die im K\u00f6rper sp\u00fcrbar ist. Sie wird eher tags\u00fcber verwendet, da sie aktiver macht als eine Indica-Sorte.<\/p><div class=\"faq-list-area\"><h4 class=\"title\">Zusammengefasst:<\/h3><ul class=\"faq-list\"><li>Zeigt an = Ruhe und Entspannung.<\/li><li>Sativa = Euphorie und Energie.<\/li><\/ul><\/div><div class=\"faq-inner-thumb-area\"><div class=\"row justify-content-center mb-30-none\">\u00a0<\/div><\/div><\/div><\/div><div class=\"faq-item active\"><h3 class=\"faq-title\"><span class=\"title\">Ich rauche nicht gerne. Bieten Sie andere M\u00f6glichkeiten an, Cannabis im Club zu konsumieren?<\/span><\/h3><div class=\"faq-content\"><p>Ja, in unserem Cannabis-Verein The High Class finden Sie Verdampfer, Bongs und Dab-Rigs, damit Sie Ihr Lieblingskraut, Extrakt oder Konzentrat konsumieren k\u00f6nnen.<\/p><div class=\"faq-list-area\"><h4 class=\"title\">Zusammengefasst:<\/h3><ul class=\"faq-list\"><li>Wir haben Vaporisatoren.<\/li><li>Auch Bongs und Rigs, in unserem Shop.<\/li><\/ul><\/div><\/div><\/div>\t\t\t\t\t\t\t\t<\/div>\n\t\t\t\t<\/div>\n\t\t\t\t\t<\/div>\n\t\t<\/div>\n\t\t\t\t\t<\/div>\n\t\t<\/section>\n\t\t\t\t\t<\/div>\n\t\t<\/div>\n\t\t\t\t\t<\/div>\n\t\t<\/div>\n\t\t\t\t<div class=\"elementor-section elementor-top-section elementor-element elementor-element-c5040c0 elementor-section-stretched elementor-section-boxed elementor-section-height-default elementor-section-height-default\" data-id=\"c5040c0\" data-element_type=\"section\" data-e-type=\"section\" data-settings=\"{&quot;stretch_section&quot;:&quot;section-stretched&quot;,&quot;background_background&quot;:&quot;classic&quot;}\">\n\t\t\t\t\t\t\t<div class=\"elementor-background-overlay\"><\/div>\n\t\t\t\t\t\t\t<div class=\"elementor-container elementor-column-gap-default\">\n\t\t\t\t\t<div class=\"elementor-column elementor-col-100 elementor-top-column elementor-element elementor-element-8e7f89e\" data-id=\"8e7f89e\" data-element_type=\"column\" data-e-type=\"column\">\n\t\t\t<div class=\"elementor-widget-wrap elementor-element-populated\">\n\t\t\t\t\t\t<div class=\"elementor-section elementor-inner-section elementor-element elementor-element-cbb642b elementor-section-boxed elementor-section-height-default elementor-section-height-default\" data-id=\"cbb642b\" data-element_type=\"section\" data-e-type=\"section\">\n\t\t\t\t\t\t<div class=\"elementor-container elementor-column-gap-default\">\n\t\t\t\t\t<div class=\"elementor-column elementor-col-33 elementor-inner-column elementor-element elementor-element-2f21752\" data-id=\"2f21752\" data-element_type=\"column\" data-e-type=\"column\">\n\t\t\t<div class=\"elementor-widget-wrap\">\n\t\t\t\t\t\t\t<\/div>\n\t\t<\/div>\n\t\t\t\t<div class=\"elementor-column elementor-col-33 elementor-inner-column elementor-element elementor-element-e4f966c\" data-id=\"e4f966c\" data-element_type=\"column\" data-e-type=\"column\">\n\t\t\t<div class=\"elementor-widget-wrap elementor-element-populated\">\n\t\t\t\t\t\t<div class=\"elementor-element elementor-element-6fa991d elementor-widget elementor-widget-heading\" data-id=\"6fa991d\" data-element_type=\"widget\" data-e-type=\"widget\" data-widget_type=\"heading.default\">\n\t\t\t\t<div class=\"elementor-widget-container\">\n\t\t\t\t\t<h2 class=\"elementor-heading-title elementor-size-default\">WERDEN SIE MITGLIED IN UNSEREM PRIVATEN CLUB IN BARCELONA<\/h2>\t\t\t\t<\/div>\n\t\t\t\t<\/div>\n\t\t\t\t<div class=\"elementor-element elementor-element-ea33977 elementor-widget elementor-widget-heading\" data-id=\"ea33977\" data-element_type=\"widget\" data-e-type=\"widget\" data-widget_type=\"heading.default\">\n\t\t\t\t<div class=\"elementor-widget-container\">\n\t\t\t\t\t<p class=\"elementor-heading-title elementor-size-default\"> #HIGHEXPERIENCE<\/p>\t\t\t\t<\/div>\n\t\t\t\t<\/div>\n\t\t\t\t<div class=\"elementor-element elementor-element-671177d elementor-widget elementor-widget-heading\" data-id=\"671177d\" data-element_type=\"widget\" data-e-type=\"widget\" data-widget_type=\"heading.default\">\n\t\t\t\t<div class=\"elementor-widget-container\">\n\t\t\t\t\t<p class=\"elementor-heading-title elementor-size-default\">Um Zugang zu unserem Unkrautclub in Barcelona zu erhalten, m\u00fcssen Sie Mitglied sein. F\u00fcllen Sie das Formular aus und wenn wir freie Pl\u00e4tze haben, werden wir Sie informieren.<\/p>\t\t\t\t<\/div>\n\t\t\t\t<\/div>\n\t\t\t\t<div class=\"elementor-element elementor-element-330ac6e elementor-align-center elementor-widget elementor-widget-button\" data-id=\"330ac6e\" data-element_type=\"widget\" data-e-type=\"widget\" data-widget_type=\"button.default\">\n\t\t\t\t<div class=\"elementor-widget-container\">\n\t\t\t\t\t\t\t\t\t<div class=\"elementor-button-wrapper\">\n\t\t\t\t\t<a class=\"elementor-button elementor-button-link elementor-size-sm\" href=\"\/de\/mitgliedschaft\/\">\n\t\t\t\t\t\t<span class=\"elementor-button-content-wrapper\">\n\t\t\t\t\t\t<span class=\"elementor-button-icon\">\n\t\t\t\t<i aria-hidden=\"true\" class=\"fas fa-arrow-right\"><\/i>\t\t\t<\/span>\n\t\t\t\t\t\t\t\t\t<span class=\"elementor-button-text\">ICH M\u00d6CHTE MITGLIED WERDEN<\/span>\n\t\t\t\t\t<\/span>\n\t\t\t\t\t<\/a>\n\t\t\t\t<\/div>\n\t\t\t\t\t\t\t\t<\/div>\n\t\t\t\t<\/div>\n\t\t\t\t\t<\/div>\n\t\t<\/div>\n\t\t\t\t<div class=\"elementor-column elementor-col-33 elementor-inner-column elementor-element elementor-element-d2109bf\" data-id=\"d2109bf\" data-element_type=\"column\" data-e-type=\"column\">\n\t\t\t<div class=\"elementor-widget-wrap\">\n\t\t\t\t\t\t\t<\/div>\n\t\t<\/div>\n\t\t\t\t\t<\/div>\n\t\t<\/div>\n\t\t\t\t\t<\/div>\n\t\t<\/div>\n\t\t\t\t\t<\/div>\n\t\t<\/div>\n\t\t\t\t<\/div>","protected":false},"excerpt":{"rendered":"<p>\u00bfQu\u00e9 es The High Class Barcelona? The High Class es una asociaci\u00f3n cann\u00e1bica ubicada en Barcelona, a la cual necesitas ser miembro para entrar. Dentro de nuestro club cann\u00e1bico The High Class, podr\u00e1s consumir cannabis [&hellip;]<\/p>\n","protected":false},"author":3,"featured_media":3514,"parent":0,"menu_order":0,"comment_status":"closed","ping_status":"closed","template":"","meta":{"_joinchat":[],"footnotes":""},"class_list":["post-1045","page","type-page","status-publish","has-post-thumbnail","hentry"],"yoast_head":"<!-- This site is optimized with the Yoast SEO plugin v27.1.1 - https:\/\/yoast.com\/product\/yoast-seo-wordpress\/ -->\n<title>FAQs &#8226; The High Class<\/title>\n<meta name=\"description\" content=\"FAQs, tambi\u00e9n conocido como Preguntas Frecuentes. Aqu\u00ed encontrar\u00e1s resueltas las dudas que nos suelen hacer. Bienvenidx a The High Class Barcelona.\" \/>\n<meta name=\"robots\" content=\"index, follow, max-snippet:-1, max-image-preview:large, max-video-preview:-1\" \/>\n<link rel=\"canonical\" href=\"https:\/\/thehighclassbcn.com\/de\/haufig-gestellte-fragen-faqs\/\" \/>\n<meta property=\"og:locale\" content=\"de_DE\" \/>\n<meta property=\"og:type\" content=\"article\" \/>\n<meta property=\"og:title\" content=\"FAQs &#8226; The High Class\" \/>\n<meta property=\"og:description\" content=\"FAQs, tambi\u00e9n conocido como Preguntas Frecuentes. Aqu\u00ed encontrar\u00e1s resueltas las dudas que nos suelen hacer. Bienvenidx a The High Class Barcelona.\" \/>\n<meta property=\"og:url\" content=\"https:\/\/thehighclassbcn.com\/de\/haufig-gestellte-fragen-faqs\/\" \/>\n<meta property=\"og:site_name\" content=\"The High Class\" \/>\n<meta property=\"article:modified_time\" content=\"2025-08-12T15:02:11+00:00\" \/>\n<meta property=\"og:image\" content=\"https:\/\/thehighclassbcn.com\/wp-content\/uploads\/2022\/10\/MG_4411-h-1.jpg\" \/>\n\t<meta property=\"og:image:width\" content=\"956\" \/>\n\t<meta property=\"og:image:height\" content=\"609\" \/>\n\t<meta property=\"og:image:type\" content=\"image\/jpeg\" \/>\n<meta name=\"twitter:card\" content=\"summary_large_image\" \/>\n<meta name=\"twitter:label1\" content=\"Gesch\u00e4tzte Lesezeit\" \/>\n\t<meta name=\"twitter:data1\" content=\"3\u00a0Minuten\" \/>\n<script type=\"application\/ld+json\" class=\"yoast-schema-graph\">{\"@context\":\"https:\/\/schema.org\",\"@graph\":[{\"@type\":\"WebPage\",\"@id\":\"https:\/\/thehighclassbcn.com\/faqs-preguntas-frecuentes\/\",\"url\":\"https:\/\/thehighclassbcn.com\/faqs-preguntas-frecuentes\/\",\"name\":\"FAQs &#8226; The High Class\",\"isPartOf\":{\"@id\":\"https:\/\/thehighclassbcn.com\/#website\"},\"primaryImageOfPage\":{\"@id\":\"https:\/\/thehighclassbcn.com\/faqs-preguntas-frecuentes\/#primaryimage\"},\"image\":{\"@id\":\"https:\/\/thehighclassbcn.com\/faqs-preguntas-frecuentes\/#primaryimage\"},\"thumbnailUrl\":\"https:\/\/thehighclassbcn.com\/wp-content\/uploads\/2022\/10\/MG_4411-h-1.jpg\",\"datePublished\":\"2022-03-17T05:48:43+00:00\",\"dateModified\":\"2025-08-12T15:02:11+00:00\",\"description\":\"FAQs, tambi\u00e9n conocido como Preguntas Frecuentes. Aqu\u00ed encontrar\u00e1s resueltas las dudas que nos suelen hacer. Bienvenidx a The High Class Barcelona.\",\"breadcrumb\":{\"@id\":\"https:\/\/thehighclassbcn.com\/faqs-preguntas-frecuentes\/#breadcrumb\"},\"inLanguage\":\"de\",\"potentialAction\":[{\"@type\":\"ReadAction\",\"target\":[\"https:\/\/thehighclassbcn.com\/faqs-preguntas-frecuentes\/\"]}]},{\"@type\":\"ImageObject\",\"inLanguage\":\"de\",\"@id\":\"https:\/\/thehighclassbcn.com\/faqs-preguntas-frecuentes\/#primaryimage\",\"url\":\"https:\/\/thehighclassbcn.com\/wp-content\/uploads\/2022\/10\/MG_4411-h-1.jpg\",\"contentUrl\":\"https:\/\/thehighclassbcn.com\/wp-content\/uploads\/2022\/10\/MG_4411-h-1.jpg\",\"width\":956,\"height\":609},{\"@type\":\"BreadcrumbList\",\"@id\":\"https:\/\/thehighclassbcn.com\/faqs-preguntas-frecuentes\/#breadcrumb\",\"itemListElement\":[{\"@type\":\"ListItem\",\"position\":1,\"name\":\"Home\",\"item\":\"https:\/\/thehighclassbcn.com\/\"},{\"@type\":\"ListItem\",\"position\":2,\"name\":\"FAQs\"}]},{\"@type\":\"WebSite\",\"@id\":\"https:\/\/thehighclassbcn.com\/#website\",\"url\":\"https:\/\/thehighclassbcn.com\/\",\"name\":\"The High Class Bcn\",\"description\":\"\",\"publisher\":{\"@id\":\"https:\/\/thehighclassbcn.com\/#organization\"},\"potentialAction\":[{\"@type\":\"SearchAction\",\"target\":{\"@type\":\"EntryPoint\",\"urlTemplate\":\"https:\/\/thehighclassbcn.com\/?s={search_term_string}\"},\"query-input\":{\"@type\":\"PropertyValueSpecification\",\"valueRequired\":true,\"valueName\":\"search_term_string\"}}],\"inLanguage\":\"de\"},{\"@type\":\"Organization\",\"@id\":\"https:\/\/thehighclassbcn.com\/#organization\",\"name\":\"The High Class Bcn\",\"alternateName\":\"The High Class Bcn\",\"url\":\"https:\/\/thehighclassbcn.com\/\",\"logo\":{\"@type\":\"ImageObject\",\"inLanguage\":\"de\",\"@id\":\"https:\/\/thehighclassbcn.com\/#\/schema\/logo\/image\/\",\"url\":\"https:\/\/thehighclassbcn.com\/wp-content\/uploads\/2024\/06\/C6F66C31-1F1C-4492-8C5A-C0E841FA0049.webp\",\"contentUrl\":\"https:\/\/thehighclassbcn.com\/wp-content\/uploads\/2024\/06\/C6F66C31-1F1C-4492-8C5A-C0E841FA0049.webp\",\"width\":2560,\"height\":1810,\"caption\":\"The High Class Bcn\"},\"image\":{\"@id\":\"https:\/\/thehighclassbcn.com\/#\/schema\/logo\/image\/\"}}]}<\/script>\n<!-- \/ Yoast SEO plugin. -->","yoast_head_json":{"title":"FAQs - Die hohe Klasse","description":"FAQs, auch bekannt als Frequently Asked Questions. Hier finden Sie Antworten auf die Fragen, die uns oft gestellt werden. Willkommen bei The High Class Barcelona.","robots":{"index":"index","follow":"follow","max-snippet":"max-snippet:-1","max-image-preview":"max-image-preview:large","max-video-preview":"max-video-preview:-1"},"canonical":"https:\/\/thehighclassbcn.com\/de\/haufig-gestellte-fragen-faqs\/","og_locale":"de_DE","og_type":"article","og_title":"FAQs &#8226; The High Class","og_description":"FAQs, tambi\u00e9n conocido como Preguntas Frecuentes. Aqu\u00ed encontrar\u00e1s resueltas las dudas que nos suelen hacer. Bienvenidx a The High Class Barcelona.","og_url":"https:\/\/thehighclassbcn.com\/de\/haufig-gestellte-fragen-faqs\/","og_site_name":"The High Class","article_modified_time":"2025-08-12T15:02:11+00:00","og_image":[{"width":956,"height":609,"url":"https:\/\/thehighclassbcn.com\/wp-content\/uploads\/2022\/10\/MG_4411-h-1.jpg","type":"image\/jpeg"}],"twitter_card":"summary_large_image","twitter_misc":{"Gesch\u00e4tzte Lesezeit":"3\u00a0Minuten"},"schema":{"@context":"https:\/\/schema.org","@graph":[{"@type":"WebPage","@id":"https:\/\/thehighclassbcn.com\/faqs-preguntas-frecuentes\/","url":"https:\/\/thehighclassbcn.com\/faqs-preguntas-frecuentes\/","name":"FAQs - Die hohe Klasse","isPartOf":{"@id":"https:\/\/thehighclassbcn.com\/#website"},"primaryImageOfPage":{"@id":"https:\/\/thehighclassbcn.com\/faqs-preguntas-frecuentes\/#primaryimage"},"image":{"@id":"https:\/\/thehighclassbcn.com\/faqs-preguntas-frecuentes\/#primaryimage"},"thumbnailUrl":"https:\/\/thehighclassbcn.com\/wp-content\/uploads\/2022\/10\/MG_4411-h-1.jpg","datePublished":"2022-03-17T05:48:43+00:00","dateModified":"2025-08-12T15:02:11+00:00","description":"FAQs, auch bekannt als Frequently Asked Questions. Hier finden Sie Antworten auf die Fragen, die uns oft gestellt werden. Willkommen bei The High Class Barcelona.","breadcrumb":{"@id":"https:\/\/thehighclassbcn.com\/faqs-preguntas-frecuentes\/#breadcrumb"},"inLanguage":"de","potentialAction":[{"@type":"ReadAction","target":["https:\/\/thehighclassbcn.com\/faqs-preguntas-frecuentes\/"]}]},{"@type":"ImageObject","inLanguage":"de","@id":"https:\/\/thehighclassbcn.com\/faqs-preguntas-frecuentes\/#primaryimage","url":"https:\/\/thehighclassbcn.com\/wp-content\/uploads\/2022\/10\/MG_4411-h-1.jpg","contentUrl":"https:\/\/thehighclassbcn.com\/wp-content\/uploads\/2022\/10\/MG_4411-h-1.jpg","width":956,"height":609},{"@type":"BreadcrumbList","@id":"https:\/\/thehighclassbcn.com\/faqs-preguntas-frecuentes\/#breadcrumb","itemListElement":[{"@type":"ListItem","position":1,"name":"Home","item":"https:\/\/thehighclassbcn.com\/"},{"@type":"ListItem","position":2,"name":"FAQs"}]},{"@type":"WebSite","@id":"https:\/\/thehighclassbcn.com\/#website","url":"https:\/\/thehighclassbcn.com\/","name":"Das hochklassige Bcn","description":"","publisher":{"@id":"https:\/\/thehighclassbcn.com\/#organization"},"potentialAction":[{"@type":"SearchAction","target":{"@type":"EntryPoint","urlTemplate":"https:\/\/thehighclassbcn.com\/?s={search_term_string}"},"query-input":{"@type":"PropertyValueSpecification","valueRequired":true,"valueName":"search_term_string"}}],"inLanguage":"de"},{"@type":"Organization","@id":"https:\/\/thehighclassbcn.com\/#organization","name":"Das hochklassige Bcn","alternateName":"The High Class Bcn","url":"https:\/\/thehighclassbcn.com\/","logo":{"@type":"ImageObject","inLanguage":"de","@id":"https:\/\/thehighclassbcn.com\/#\/schema\/logo\/image\/","url":"https:\/\/thehighclassbcn.com\/wp-content\/uploads\/2024\/06\/C6F66C31-1F1C-4492-8C5A-C0E841FA0049.webp","contentUrl":"https:\/\/thehighclassbcn.com\/wp-content\/uploads\/2024\/06\/C6F66C31-1F1C-4492-8C5A-C0E841FA0049.webp","width":2560,"height":1810,"caption":"The High Class Bcn"},"image":{"@id":"https:\/\/thehighclassbcn.com\/#\/schema\/logo\/image\/"}}]}},"_links":{"self":[{"href":"https:\/\/thehighclassbcn.com\/de\/wp-json\/wp\/v2\/pages\/1045","targetHints":{"allow":["GET"]}}],"collection":[{"href":"https:\/\/thehighclassbcn.com\/de\/wp-json\/wp\/v2\/pages"}],"about":[{"href":"https:\/\/thehighclassbcn.com\/de\/wp-json\/wp\/v2\/types\/page"}],"author":[{"embeddable":true,"href":"https:\/\/thehighclassbcn.com\/de\/wp-json\/wp\/v2\/users\/3"}],"replies":[{"embeddable":true,"href":"https:\/\/thehighclassbcn.com\/de\/wp-json\/wp\/v2\/comments?post=1045"}],"version-history":[{"count":12,"href":"https:\/\/thehighclassbcn.com\/de\/wp-json\/wp\/v2\/pages\/1045\/revisions"}],"predecessor-version":[{"id":46739,"href":"https:\/\/thehighclassbcn.com\/de\/wp-json\/wp\/v2\/pages\/1045\/revisions\/46739"}],"wp:featuredmedia":[{"embeddable":true,"href":"https:\/\/thehighclassbcn.com\/de\/wp-json\/wp\/v2\/media\/3514"}],"wp:attachment":[{"href":"https:\/\/thehighclassbcn.com\/de\/wp-json\/wp\/v2\/media?parent=1045"}],"curies":[{"name":"wp","href":"https:\/\/api.w.org\/{rel}","templated":true}]}}